{"id":336705,"date":"2024-01-14T02:26:52","date_gmt":"2024-01-13T23:26:52","guid":{"rendered":"https:\/\/korkmazvinc.com\/koprulu-vinc\/"},"modified":"2024-03-31T23:19:56","modified_gmt":"2024-03-31T20:19:56","slug":"bridge-crane","status":"publish","type":"page","link":"https:\/\/korkmazvinc.com\/en\/bridge-crane\/","title":{"rendered":"Bridge Crane"},"content":{"rendered":"<p>[et_pb_section fb_built=&#8221;1&#8243; _builder_version=&#8221;4.24.0&#8243; _module_preset=&#8221;default&#8221; background_color=&#8221;#E09900&#8243; custom_padding=&#8221;6px||3px|||&#8221; global_colors_info=&#8221;{}&#8221;][et_pb_row _builder_version=&#8221;4.24.0&#8243; _module_preset=&#8221;default&#8221; custom_padding=&#8221;15px||17px|||&#8221; global_colors_info=&#8221;{}&#8221;][et_pb_column type=&#8221;4_4&#8243; _builder_version=&#8221;4.24.0&#8243; _module_preset=&#8221;default&#8221; global_colors_info=&#8221;{}&#8221;][dnxt_next_color_motion text_color_motion=&#8221;PRODUCTS | Bridge Crane&#8221; text_color_motion_style=&#8221;dnxt-grdnt-text-animation-2&#8243; color_motion_color_one=&#8221;#FFFFFF&#8221; color_motion_color_two=&#8221;#000000&#8243; color_motion_color_three=&#8221;#FFFFFF&#8221; color_motion_color_four=&#8221;#000000&#8243; _builder_version=&#8221;4.24.2&#8243; _module_preset=&#8221;default&#8221; dnxt_color_motion_fonts_font_size=&#8221;25px&#8221; hover_enabled=&#8221;0&#8243; global_colors_info=&#8221;{}&#8221; sticky_enabled=&#8221;0&#8243;][\/dnxt_next_color_motion][\/et_pb_column][\/et_pb_row][\/et_pb_section][et_pb_section fb_built=&#8221;1&#8243; _builder_version=&#8221;4.24.0&#8243; _module_preset=&#8221;default&#8221; background_color=&#8221;#efefef&#8221; global_colors_info=&#8221;{}&#8221;][et_pb_row column_structure=&#8221;1_2,1_2&#8243; _builder_version=&#8221;4.24.0&#8243; _module_preset=&#8221;default&#8221; custom_padding=&#8221;||7px|||&#8221; global_colors_info=&#8221;{}&#8221;][et_pb_column type=&#8221;1_2&#8243; _builder_version=&#8221;4.24.0&#8243; _module_preset=&#8221;default&#8221; global_colors_info=&#8221;{}&#8221;][et_pb_image src=&#8221;https:\/\/korkmazvinc.com\/wp-content\/uploads\/2024\/01\/Korulu-Vinc.jpg&#8221; title_text=&#8221;K\u00f6r\u00fcl\u00fc Vin\u00e7&#8221; _builder_version=&#8221;4.24.0&#8243; _module_preset=&#8221;default&#8221; custom_padding=&#8221;||||false|false&#8221; border_radii=&#8221;on|5px|5px|5px|5px&#8221; border_width_all=&#8221;2px&#8221; border_color_all=&#8221;#999999&#8243; global_colors_info=&#8221;{}&#8221; transform_styles__hover_enabled=&#8221;on|hover&#8221; transform_scale__hover_enabled=&#8221;on|hover&#8221; transform_translate__hover_enabled=&#8221;on|desktop&#8221; transform_rotate__hover_enabled=&#8221;on|desktop&#8221; transform_skew__hover_enabled=&#8221;on|desktop&#8221; transform_origin__hover_enabled=&#8221;on|desktop&#8221; transform_scale__hover=&#8221;105%|105%&#8221;][\/et_pb_image][\/et_pb_column][et_pb_column type=&#8221;1_2&#8243; _builder_version=&#8221;4.24.0&#8243; _module_preset=&#8221;default&#8221; global_colors_info=&#8221;{}&#8221;][dnxt_next_color_motion text_color_motion=&#8221;Korkmaz Bridge Crane&#8221; text_color_motion_style=&#8221;dnxt-grdnt-text-animation-2&#8243; color_motion_color_one=&#8221;#666666&#8243; color_motion_color_two=&#8221;#000000&#8243; color_motion_color_three=&#8221;#a5a5a5&#8243; color_motion_color_four=&#8221;#000000&#8243; _builder_version=&#8221;4.24.2&#8243; _module_preset=&#8221;default&#8221; dnxt_color_motion_fonts_font_size=&#8221;25px&#8221; hover_enabled=&#8221;0&#8243; global_colors_info=&#8221;{}&#8221; sticky_enabled=&#8221;0&#8243;][\/dnxt_next_color_motion][et_pb_text _builder_version=&#8221;4.24.2&#8243; _module_preset=&#8221;default&#8221; hover_enabled=&#8221;0&#8243; global_colors_info=&#8221;{}&#8221; sticky_enabled=&#8221;0&#8243;]<\/p>\n<p>Korkmaz Crane introduces another innovation to its industrial solutions: Gantry Bridge Cranes. These cranes are designed to perfectly meet the needs of the factory and industrial sector by moving in one direction on fixed columns. Here is a detailed description of Korkmaz Crane Gantry Bridge Cranes:<\/p>\n<p>Technical Specifications:<br \/>Flexible Movement: Gantry Bridge Cranes move on fixed columns, safely transporting loads in one direction. This feature adapts to space constraints in factories and industrial facilities.<\/p>\n<p>Industrial Preference: Especially preferred in factory and industrial sectors, these cranes offer solutions to industrial load lifting needs with their strong structure and robust performance.<\/p>\n<p>[\/et_pb_text][\/et_pb_column][\/et_pb_row][et_pb_row _builder_version=&#8221;4.24.0&#8243; _module_preset=&#8221;default&#8221; global_colors_info=&#8221;{}&#8221;][et_pb_column type=&#8221;4_4&#8243; _builder_version=&#8221;4.24.0&#8243; _module_preset=&#8221;default&#8221; global_colors_info=&#8221;{}&#8221;][et_pb_tabs _builder_version=&#8221;4.24.2&#8243; _module_preset=&#8221;default&#8221; tab_font_size=&#8221;16px&#8221; hover_enabled=&#8221;0&#8243; global_colors_info=&#8221;{}&#8221; sticky_enabled=&#8221;0&#8243;][et_pb_tab title=&#8221;PRODUCT DESCRIPTION&#8221; _builder_version=&#8221;4.24.2&#8243; _module_preset=&#8221;default&#8221; hover_enabled=&#8221;0&#8243; global_colors_info=&#8221;{}&#8221; sticky_enabled=&#8221;0&#8243;]<\/p>\n<p>Open Area Compatibility: Gantry Gantry Cranes, which are often used in open spaces, offer greater freedom of movement compared to enclosed spaces. This makes your outdoor work operations more efficient.<\/p>\n<p>Various Models: Korkmaz Crane&#8217;s Gantry Bridge Crane series offers customized solutions to customers with 3 different models. These models have various carrying capacities and features, thus adapting to any industrial need.<\/p>\n<p>Korkmaz Crane Gantry Cranes redefine industrial lifting standards. Flexible mobility, industrial preferability, open space compatibility and solutions offered in various models set these cranes apart from the rest. Korkmaz Crane Gantry Cranes should be your first choice to optimize the lifting processes in your business and achieve powerful performance.<\/p>\n<p>[\/et_pb_tab][et_pb_tab title=&#8221;FEATURES&#8221; _builder_version=&#8221;4.24.2&#8243; _module_preset=&#8221;default&#8221; hover_enabled=&#8221;0&#8243; global_colors_info=&#8221;{}&#8221; sticky_enabled=&#8221;0&#8243;]<\/p>\n<p>Technical Specifications:<br \/>Flexible Movement: Gantry Bridge Cranes move on fixed columns, safely moving loads in one direction. This feature adapts to space constraints in factories and industrial plants.<\/p>\n<p>[\/et_pb_tab][et_pb_tab title=&#8221;ORDER FORM&#8221; _builder_version=&#8221;4.24.2&#8243; _module_preset=&#8221;default&#8221; hover_enabled=&#8221;0&#8243; global_colors_info=&#8221;{}&#8221; sticky_enabled=&#8221;0&#8243;]<\/p>\nThis form does not exist\n<p>[\/et_pb_tab][\/et_pb_tabs][\/et_pb_column][\/et_pb_row][\/et_pb_section]<\/p>\n","protected":false},"excerpt":{"rendered":"<p><div class=\"et_pb_module dnxt_next_color_motion dnxt_next_color_motion_0\">\n\t\t\t\t\n\t\t\t\t\n\t\t\t\t\n\t\t\t\t\n\t\t\t\t\n\t\t\t\t\n\t\t\t\t<div class=\"et_pb_module_inner\">\n\t\t\t\t\t<div>\r\n\t\t\t\t<h2 class=\"dnxt-grdnt-text-animation-2 dnxt-grdnt-text-animation_font\">\r\n\t\t\t\t\tPRODUCTS | Bridge Crane\r\n\t\t\t\t<\/h2>\r\n\t\t\t<\/div>\n\t\t\t\t<\/div>\n\t\t\t<\/div><div class=\"et_pb_module dnxt_next_color_motion dnxt_next_color_motion_1\">\n\t\t\t\t\n\t\t\t\t\n\t\t\t\t\n\t\t\t\t\n\t\t\t\t\n\t\t\t\t\n\t\t\t\t<div class=\"et_pb_module_inner\">\n\t\t\t\t\t<div>\r\n\t\t\t\t<h2 class=\"dnxt-grdnt-text-animation-2 dnxt-grdnt-text-animation_font\">\r\n\t\t\t\t\tKorkmaz Bridge Crane\r\n\t\t\t\t<\/h2>\r\n\t\t\t<\/div>\n\t\t\t\t<\/div>\n\t\t\t<\/div>Korkmaz Crane introduces another innovation to its industrial solutions: Gantry Bridge Cranes. These cranes are designed to perfectly meet the needs of the factory and industrial [&hellip;]<\/p>\n","protected":false},"author":1,"featured_media":0,"parent":0,"menu_order":0,"comment_status":"closed","ping_status":"closed","template":"","meta":{"_et_pb_use_builder":"on","_et_pb_old_content":"","_et_gb_content_width":"","footnotes":""},"class_list":["post-336705","page","type-page","status-publish","hentry"],"_links":{"self":[{"href":"https:\/\/korkmazvinc.com\/en\/wp-json\/wp\/v2\/pages\/336705","targetHints":{"allow":["GET"]}}],"collection":[{"href":"https:\/\/korkmazvinc.com\/en\/wp-json\/wp\/v2\/pages"}],"about":[{"href":"https:\/\/korkmazvinc.com\/en\/wp-json\/wp\/v2\/types\/page"}],"author":[{"embeddable":true,"href":"https:\/\/korkmazvinc.com\/en\/wp-json\/wp\/v2\/users\/1"}],"replies":[{"embeddable":true,"href":"https:\/\/korkmazvinc.com\/en\/wp-json\/wp\/v2\/comments?post=336705"}],"version-history":[{"count":0,"href":"https:\/\/korkmazvinc.com\/en\/wp-json\/wp\/v2\/pages\/336705\/revisions"}],"wp:attachment":[{"href":"https:\/\/korkmazvinc.com\/en\/wp-json\/wp\/v2\/media?parent=336705"}],"curies":[{"name":"wp","href":"https:\/\/api.w.org\/{rel}","templated":true}]}}