{"id":336677,"date":"2024-01-13T05:15:11","date_gmt":"2024-01-13T02:15:11","guid":{"rendered":"https:\/\/korkmazvinc.com\/hakkimizda\/"},"modified":"2024-03-31T22:43:50","modified_gmt":"2024-03-31T19:43:50","slug":"about-us","status":"publish","type":"page","link":"https:\/\/korkmazvinc.com\/en\/about-us\/","title":{"rendered":"About Us"},"content":{"rendered":"<p>[et_pb_section fb_built=&#8221;1&#8243; _builder_version=&#8221;4.24.0&#8243; _module_preset=&#8221;default&#8221; background_color=&#8221;#E09900&#8243; custom_padding=&#8221;6px||3px|||&#8221; global_colors_info=&#8221;{}&#8221;][et_pb_row _builder_version=&#8221;4.24.0&#8243; _module_preset=&#8221;default&#8221; custom_padding=&#8221;18px||17px|||&#8221; global_colors_info=&#8221;{}&#8221;][et_pb_column type=&#8221;4_4&#8243; _builder_version=&#8221;4.24.0&#8243; _module_preset=&#8221;default&#8221; global_colors_info=&#8221;{}&#8221;][dnxt_next_color_motion text_color_motion=&#8221;ABOUT US | Mission and Vision&#8221; text_color_motion_style=&#8221;dnxt-grdnt-text-animation-2&#8243; color_motion_color_one=&#8221;#FFFFFF&#8221; color_motion_color_two=&#8221;#000000&#8243; color_motion_color_three=&#8221;#FFFFFF&#8221; color_motion_color_four=&#8221;#000000&#8243; _builder_version=&#8221;4.24.2&#8243; _module_preset=&#8221;default&#8221; dnxt_color_motion_fonts_font_size=&#8221;25px&#8221; hover_enabled=&#8221;0&#8243; locked=&#8221;off&#8221; global_colors_info=&#8221;{}&#8221; sticky_enabled=&#8221;0&#8243;][\/dnxt_next_color_motion][\/et_pb_column][\/et_pb_row][\/et_pb_section][et_pb_section fb_built=&#8221;1&#8243; _builder_version=&#8221;4.24.0&#8243; _module_preset=&#8221;default&#8221; background_color=&#8221;#efefef&#8221; global_colors_info=&#8221;{}&#8221;][et_pb_row column_structure=&#8221;2_5,3_5&#8243; _builder_version=&#8221;4.24.0&#8243; _module_preset=&#8221;default&#8221; global_colors_info=&#8221;{}&#8221;][et_pb_column type=&#8221;2_5&#8243; _builder_version=&#8221;4.24.0&#8243; _module_preset=&#8221;default&#8221; global_colors_info=&#8221;{}&#8221;][et_pb_image src=&#8221;https:\/\/korkmazvinc.com\/wp-content\/uploads\/2024\/01\/anasayfa.jpg&#8221; title_text=&#8221;anasayfa&#8221; _builder_version=&#8221;4.24.0&#8243; _module_preset=&#8221;default&#8221; box_shadow_style=&#8221;preset4&#8243; global_colors_info=&#8221;{}&#8221;][\/et_pb_image][\/et_pb_column][et_pb_column type=&#8221;3_5&#8243; _builder_version=&#8221;4.24.0&#8243; _module_preset=&#8221;default&#8221; global_colors_info=&#8221;{}&#8221;][dnxt_next_color_motion text_color_motion=&#8221;KORKMAZ CRANE SYSTEMS&#8221; text_color_motion_style=&#8221;dnxt-grdnt-text-animation-2&#8243; color_motion_color_one=&#8221;#FFFFFF&#8221; color_motion_color_two=&#8221;#000000&#8243; color_motion_color_three=&#8221;#FFFFFF&#8221; color_motion_color_four=&#8221;#000000&#8243; _builder_version=&#8221;4.24.2&#8243; _module_preset=&#8221;default&#8221; dnxt_color_motion_fonts_font_size=&#8221;25px&#8221; hover_enabled=&#8221;0&#8243; locked=&#8221;off&#8221; global_colors_info=&#8221;{}&#8221; sticky_enabled=&#8221;0&#8243;][\/dnxt_next_color_motion][et_pb_text _builder_version=&#8221;4.24.2&#8243; _module_preset=&#8221;default&#8221; hover_enabled=&#8221;0&#8243; global_colors_info=&#8221;{}&#8221; sticky_enabled=&#8221;0&#8243;]<\/p>\n<p>Founded in 2014, Korkmaz Crane Systems provides services in the fields of Periodic Maintenance, Repair and Maintenance, Technical Support, Test-Inspection, and Sales as well as inspection and certification services. Korkmaz Crane, which succeeded in increasing the number of vehicles and teams by 300% at the end of 2016, manufactures and installs crane installations, gantry cranes, overhead cranes, jib cranes, monorail cranes, fixed cranes, elevator cranes that require special dimensions and design.<\/p>\n<p>Korkmaz Crane &amp; Inspection, which attracted attention as a company that made a sound in a short time and took part in important projects with its educator staff and strong team, also undertakes the Istanbul dealership of the most powerful crane company in the sector.<\/p>\n<p>Among its references; Eti Maden, Vestel, \u015ei\u015fe Cam, \u00d6zka Tire, Metro Tunnel Companies, Alarko, Gulermak, Zorgun Construction, IC Holding, Kalyon Construction are among the companies with high brand value in Turkey.<\/p>\n<p>[\/et_pb_text][\/et_pb_column][\/et_pb_row][\/et_pb_section][et_pb_section fb_built=&#8221;1&#8243; _builder_version=&#8221;4.24.0&#8243; _module_preset=&#8221;default&#8221; global_colors_info=&#8221;{}&#8221;][et_pb_row column_structure=&#8221;3_5,2_5&#8243; _builder_version=&#8221;4.24.0&#8243; _module_preset=&#8221;default&#8221; global_colors_info=&#8221;{}&#8221;][et_pb_column type=&#8221;3_5&#8243; _builder_version=&#8221;4.24.0&#8243; _module_preset=&#8221;default&#8221; global_colors_info=&#8221;{}&#8221;][dnxt_next_color_motion text_color_motion=&#8221;Mission&#8221; text_color_motion_style=&#8221;dnxt-grdnt-text-animation-2&#8243; color_motion_color_one=&#8221;#E09900&#8243; color_motion_color_two=&#8221;#EDF000&#8243; color_motion_color_three=&#8221;#E02B20&#8243; color_motion_color_four=&#8221;#EDF000&#8243; _builder_version=&#8221;4.24.2&#8243; _module_preset=&#8221;default&#8221; dnxt_color_motion_fonts_font_size=&#8221;35px&#8221; hover_enabled=&#8221;0&#8243; locked=&#8221;off&#8221; global_colors_info=&#8221;{}&#8221; sticky_enabled=&#8221;0&#8243;][\/dnxt_next_color_motion][et_pb_text _builder_version=&#8221;4.24.2&#8243; _module_preset=&#8221;75b15051-8b70-4c67-881a-a039add19e2c&#8221; custom_padding=&#8221;||36px|||&#8221; hover_enabled=&#8221;0&#8243; locked=&#8221;off&#8221; global_colors_info=&#8221;{}&#8221; sticky_enabled=&#8221;0&#8243;]<\/p>\n<p>OUR MISSION QUALITY<\/p>\n<p>We adopt the criteria of trust and quality in order to meet the needs and expectations of our customers. The conformity of the services we provide to the specified specifications, being error-free, high performance level and continuity have always shown us that quality always wins.<\/p>\n<p>[\/et_pb_text][\/et_pb_column][et_pb_column type=&#8221;2_5&#8243; _builder_version=&#8221;4.24.0&#8243; _module_preset=&#8221;default&#8221; global_colors_info=&#8221;{}&#8221;][et_pb_image src=&#8221;https:\/\/korkmazvinc.com\/wp-content\/uploads\/2024\/01\/vinc-test-muayene.jpg&#8221; title_text=&#8221;vinc-test-muayene&#8221; _builder_version=&#8221;4.24.0&#8243; _module_preset=&#8221;default&#8221; box_shadow_style=&#8221;preset4&#8243; global_colors_info=&#8221;{}&#8221;][\/et_pb_image][\/et_pb_column][\/et_pb_row][et_pb_row column_structure=&#8221;2_5,3_5&#8243; _builder_version=&#8221;4.24.0&#8243; _module_preset=&#8221;default&#8221; global_colors_info=&#8221;{}&#8221;][et_pb_column type=&#8221;2_5&#8243; _builder_version=&#8221;4.24.0&#8243; _module_preset=&#8221;default&#8221; global_colors_info=&#8221;{}&#8221;][et_pb_image src=&#8221;https:\/\/korkmazvinc.com\/wp-content\/uploads\/2024\/01\/vinc-teknik-destek.jpg&#8221; title_text=&#8221;vinc-teknik-destek&#8221; _builder_version=&#8221;4.24.0&#8243; _module_preset=&#8221;default&#8221; box_shadow_style=&#8221;preset4&#8243; global_colors_info=&#8221;{}&#8221;][\/et_pb_image][\/et_pb_column][et_pb_column type=&#8221;3_5&#8243; _builder_version=&#8221;4.24.0&#8243; _module_preset=&#8221;default&#8221; global_colors_info=&#8221;{}&#8221;][dnxt_next_color_motion text_color_motion=&#8221;Vision&#8221; text_color_motion_style=&#8221;dnxt-grdnt-text-animation-2&#8243; color_motion_color_one=&#8221;#E09900&#8243; color_motion_color_two=&#8221;#EDF000&#8243; color_motion_color_three=&#8221;#E02B20&#8243; color_motion_color_four=&#8221;#EDF000&#8243; _builder_version=&#8221;4.24.2&#8243; _module_preset=&#8221;default&#8221; dnxt_color_motion_fonts_font_size=&#8221;35px&#8221; hover_enabled=&#8221;0&#8243; locked=&#8221;off&#8221; global_colors_info=&#8221;{}&#8221; sticky_enabled=&#8221;0&#8243;][\/dnxt_next_color_motion][et_pb_text _builder_version=&#8221;4.24.2&#8243; _module_preset=&#8221;75b15051-8b70-4c67-881a-a039add19e2c&#8221; hover_enabled=&#8221;0&#8243; locked=&#8221;off&#8221; global_colors_info=&#8221;{}&#8221; sticky_enabled=&#8221;0&#8243;]<\/p>\n<p>OUR VISION INNOVATION<\/p>\n<p>Evaluating the services we produce in the innovation process, creating creative solutions with the participation of employees, always creating and implementing a common idea. As a result of all these, we will gain economic, social and added value.<br \/>to provide.<\/p>\n<p>[\/et_pb_text][\/et_pb_column][\/et_pb_row][\/et_pb_section]<\/p>\n","protected":false},"excerpt":{"rendered":"<p><div class=\"et_pb_module dnxt_next_color_motion dnxt_next_color_motion_0\">\n\t\t\t\t\n\t\t\t\t\n\t\t\t\t\n\t\t\t\t\n\t\t\t\t\n\t\t\t\t\n\t\t\t\t<div class=\"et_pb_module_inner\">\n\t\t\t\t\t<div>\r\n\t\t\t\t<h2 class=\"dnxt-grdnt-text-animation-2 dnxt-grdnt-text-animation_font\">\r\n\t\t\t\t\tABOUT US | Mission and Vision\r\n\t\t\t\t<\/h2>\r\n\t\t\t<\/div>\n\t\t\t\t<\/div>\n\t\t\t<\/div><div class=\"et_pb_module dnxt_next_color_motion dnxt_next_color_motion_1\">\n\t\t\t\t\n\t\t\t\t\n\t\t\t\t\n\t\t\t\t\n\t\t\t\t\n\t\t\t\t\n\t\t\t\t<div class=\"et_pb_module_inner\">\n\t\t\t\t\t<div>\r\n\t\t\t\t<h2 class=\"dnxt-grdnt-text-animation-2 dnxt-grdnt-text-animation_font\">\r\n\t\t\t\t\tKORKMAZ CRANE SYSTEMS\r\n\t\t\t\t<\/h2>\r\n\t\t\t<\/div>\n\t\t\t\t<\/div>\n\t\t\t<\/div>Founded in 2014, Korkmaz Crane Systems provides services in the fields of Periodic Maintenance, Repair and Maintenance, Technical Support, Test-Inspection, and Sales [&hellip;]<\/p>\n","protected":false},"author":1,"featured_media":0,"parent":0,"menu_order":0,"comment_status":"closed","ping_status":"closed","template":"","meta":{"_et_pb_use_builder":"on","_et_pb_old_content":"","_et_gb_content_width":"","footnotes":""},"class_list":["post-336677","page","type-page","status-publish","hentry"],"_links":{"self":[{"href":"https:\/\/korkmazvinc.com\/en\/wp-json\/wp\/v2\/pages\/336677","targetHints":{"allow":["GET"]}}],"collection":[{"href":"https:\/\/korkmazvinc.com\/en\/wp-json\/wp\/v2\/pages"}],"about":[{"href":"https:\/\/korkmazvinc.com\/en\/wp-json\/wp\/v2\/types\/page"}],"author":[{"embeddable":true,"href":"https:\/\/korkmazvinc.com\/en\/wp-json\/wp\/v2\/users\/1"}],"replies":[{"embeddable":true,"href":"https:\/\/korkmazvinc.com\/en\/wp-json\/wp\/v2\/comments?post=336677"}],"version-history":[{"count":0,"href":"https:\/\/korkmazvinc.com\/en\/wp-json\/wp\/v2\/pages\/336677\/revisions"}],"wp:attachment":[{"href":"https:\/\/korkmazvinc.com\/en\/wp-json\/wp\/v2\/media?parent=336677"}],"curies":[{"name":"wp","href":"https:\/\/api.w.org\/{rel}","templated":true}]}}