{"id":336587,"date":"2024-01-31T08:54:02","date_gmt":"2024-01-31T05:54:02","guid":{"rendered":"https:\/\/korkmazvinc.com\/10-ton-elektrikli-zincirli-vinc\/"},"modified":"2024-02-09T20:41:31","modified_gmt":"2024-02-09T17:41:31","slug":"10-ton-electric-chain-hoist","status":"publish","type":"page","link":"https:\/\/korkmazvinc.com\/en\/10-ton-electric-chain-hoist\/","title":{"rendered":"10 Ton Electric Chain Hoist"},"content":{"rendered":"<p>[et_pb_section fb_built=&#8221;1&#8243; _builder_version=&#8221;4.24.0&#8243; _module_preset=&#8221;default&#8221; background_color=&#8221;#E09900&#8243; custom_padding=&#8221;6px||3px|||&#8221; global_colors_info=&#8221;{}&#8221;][et_pb_row _builder_version=&#8221;4.24.0&#8243; _module_preset=&#8221;default&#8221; custom_padding=&#8221;15px||17px|||&#8221; global_colors_info=&#8221;{}&#8221;][et_pb_column type=&#8221;4_4&#8243; _builder_version=&#8221;4.24.0&#8243; _module_preset=&#8221;default&#8221; global_colors_info=&#8221;{}&#8221;][dnxt_next_color_motion text_color_motion=&#8221;PRODUCTS | 10 Ton Electric Chain Hoist&#8221; text_color_motion_style=&#8221;dnxt-grdnt-text-animation-2&#8243; color_motion_color_one=&#8221;#FFFFFF&#8221; color_motion_color_two=&#8221;#000000&#8243; color_motion_color_three=&#8221;#FFFFFF&#8221; color_motion_color_four=&#8221;#000000&#8243; _builder_version=&#8221;4.24.0&#8243; _module_preset=&#8221;default&#8221; dnxt_color_motion_fonts_font_size=&#8221;25px&#8221; hover_enabled=&#8221;0&#8243; global_colors_info=&#8221;{}&#8221; sticky_enabled=&#8221;0&#8243;][\/dnxt_next_color_motion][\/et_pb_column][\/et_pb_row][\/et_pb_section][et_pb_section fb_built=&#8221;1&#8243; _builder_version=&#8221;4.24.0&#8243; _module_preset=&#8221;default&#8221; background_color=&#8221;#efefef&#8221; global_colors_info=&#8221;{}&#8221;][et_pb_row column_structure=&#8221;1_2,1_2&#8243; _builder_version=&#8221;4.24.0&#8243; _module_preset=&#8221;default&#8221; custom_padding=&#8221;||7px|||&#8221; global_colors_info=&#8221;{}&#8221;][et_pb_column type=&#8221;1_2&#8243; _builder_version=&#8221;4.24.0&#8243; _module_preset=&#8221;default&#8221; global_colors_info=&#8221;{}&#8221;][et_pb_image src=&#8221;https:\/\/korkmazvinc.com\/wp-content\/uploads\/2024\/01\/10-Ton-Elektrikli-Zincirli-Vinc.jpg&#8221; title_text=&#8221;10 Ton Elektrikli Zincirli Vin\u00e7&#8221; _builder_version=&#8221;4.24.0&#8243; _module_preset=&#8221;default&#8221; custom_padding=&#8221;||||false|false&#8221; border_radii=&#8221;on|5px|5px|5px|5px&#8221; border_width_all=&#8221;2px&#8221; border_color_all=&#8221;#999999&#8243; global_colors_info=&#8221;{}&#8221; transform_styles__hover_enabled=&#8221;on|hover&#8221; transform_scale__hover_enabled=&#8221;on|hover&#8221; transform_translate__hover_enabled=&#8221;on|desktop&#8221; transform_rotate__hover_enabled=&#8221;on|desktop&#8221; transform_skew__hover_enabled=&#8221;on|desktop&#8221; transform_origin__hover_enabled=&#8221;on|desktop&#8221; transform_scale__hover=&#8221;105%|105%&#8221;][\/et_pb_image][\/et_pb_column][et_pb_column type=&#8221;1_2&#8243; _builder_version=&#8221;4.24.0&#8243; _module_preset=&#8221;default&#8221; global_colors_info=&#8221;{}&#8221;][dnxt_next_color_motion text_color_motion=&#8221;10 Ton Electric Chain Hoist&#8221; text_color_motion_style=&#8221;dnxt-grdnt-text-animation-2&#8243; color_motion_color_one=&#8221;#666666&#8243; color_motion_color_two=&#8221;#000000&#8243; color_motion_color_three=&#8221;#a5a5a5&#8243; color_motion_color_four=&#8221;#000000&#8243; _builder_version=&#8221;4.24.0&#8243; _module_preset=&#8221;default&#8221; dnxt_color_motion_fonts_font_size=&#8221;25px&#8221; hover_enabled=&#8221;0&#8243; global_colors_info=&#8221;{}&#8221; sticky_enabled=&#8221;0&#8243;][\/dnxt_next_color_motion][et_pb_text _builder_version=&#8221;4.24.0&#8243; _module_preset=&#8221;default&#8221; global_colors_info=&#8221;{}&#8221;]<\/p>\n<p>Your content goes here. Edit or remove this text inline or in the module Content settings. You can also style every aspect of this content in the module Design settings and even apply custom CSS to this text in the module Advanced settings.<\/p>\n<p>Your content goes here. Edit or remove this text inline or in the module Content settings. You can also style every aspect of this content in the module Design settings and even apply custom CSS to this text in the module Advanced settings.<\/p>\n<p>Your content goes here. Edit or remove this text inline or in the module Content settings. You can also style every aspect of this content in the module Design settings and even apply custom CSS to this text in the module Advanced settings.<\/p>\n<p>[\/et_pb_text][\/et_pb_column][\/et_pb_row][et_pb_row _builder_version=&#8221;4.24.0&#8243; _module_preset=&#8221;default&#8221; global_colors_info=&#8221;{}&#8221;][et_pb_column type=&#8221;4_4&#8243; _builder_version=&#8221;4.24.0&#8243; _module_preset=&#8221;default&#8221; global_colors_info=&#8221;{}&#8221;][et_pb_tabs _builder_version=&#8221;4.24.0&#8243; _module_preset=&#8221;default&#8221; tab_font_size=&#8221;16px&#8221; hover_enabled=&#8221;0&#8243; global_colors_info=&#8221;{}&#8221; sticky_enabled=&#8221;0&#8243;][et_pb_tab title=&#8221;PRODUCT DESCRIPTION&#8221; _builder_version=&#8221;4.24.0&#8243; _module_preset=&#8221;default&#8221; hover_enabled=&#8221;0&#8243; global_colors_info=&#8221;{}&#8221; sticky_enabled=&#8221;0&#8243;]<\/p>\n<table>\n<thead>\n<tr>\n<th>Kod<\/th>\n<th>Kapasite (ton)<\/th>\n<th>Zincir Boyu (metre)<\/th>\n<th>Kald\u0131rma H\u0131z\u0131 (m\/dk)<\/th>\n<th>G\u00fcc\u00fc (KVa)<\/th>\n<th>A\u011f\u0131rl\u0131k (kg)<\/th>\n<\/tr>\n<\/thead>\n<tbody>\n<tr>\n<td>ATZCS10<\/td>\n<td>10<\/td>\n<td>3<\/td>\n<td>3.0 \/ 1.0<\/td>\n<td>3.0 \/ 1.0<\/td>\n<td>326<\/td>\n<\/tr>\n<\/tbody>\n<\/table>\n<table style=\"height: 74px; width: 100%;\" width=\"100%\">\n<thead>\n<tr>\n<th>H (min.)<\/th>\n<th>A<\/th>\n<th>B<\/th>\n<th>C<\/th>\n<th>D<\/th>\n<th>I<\/th>\n<th>J<\/th>\n<th>K<\/th>\n<\/tr>\n<\/thead>\n<tbody>\n<tr>\n<td>1330<\/td>\n<td>360<\/td>\n<td>360<\/td>\n<td>358<br \/>475<\/td>\n<td>358<br \/>475<\/td>\n<td>820<\/td>\n<\/tr>\n<\/tbody>\n<\/table>\n<p>[\/et_pb_tab][et_pb_tab title=&#8221;FEATURES&#8221; _builder_version=&#8221;4.24.0&#8243; _module_preset=&#8221;default&#8221; hover_enabled=&#8221;0&#8243; global_colors_info=&#8221;{}&#8221; sticky_enabled=&#8221;0&#8243;]<\/p>\n<p>S\u0131v\u0131 ya\u011fl\u0131 oldu\u011fu i\u00e7in 2 kat uzun \u00f6m\u00fcrl\u00fc, 2 kat sorunsuz \u00e7al\u0131\u015fma s\u00fcresi<br \/>\u2013 Elektrik ak\u0131m\u0131ndaki frekans d\u00fc\u015f\u00fckl\u00fc\u011f\u00fc nedeniyle ortaya \u00e7\u0131kabilecek hatalara kar\u015f\u0131 korumal\u0131 sisteme sahiptir.<br \/>\u2013 S\u00fcper rotor \u00e7ekme, fren sistemi.<br \/>\u2013 Fan ile so\u011futulan, y\u00fcksek etkili Motor.<br \/>\u2013 S\u00fcrekli motor \u00e7al\u0131\u015ft\u0131\u011f\u0131nda, s\u0131cakl\u0131k miktar\u0131 azaltma.<br \/>\u2013 Di\u015fli birle\u015fenlerindeki, D\u00fc\u015f\u00fck g\u00fcr\u00fclt\u00fc<br \/>\u2013 Uzun s\u00fcre \u00e7al\u0131\u015fabilirlik i\u00e7in, Sarma\/dolama ve a\u015f\u0131r\u0131 indirme \/ kald\u0131rmadan korumak i\u00e7in, otomatik g\u00fc\u00e7 kapama.<br \/>\u2013 Y\u00fcksek \u00e7ekme i\u00e7in ala\u015f\u0131ml\u0131 d\u00f6vme kanca.<br \/>\u2013 B\u00fckme, kesme, uzatma yapabilirlik; y\u00fckleme zaman\u0131nda, 360 derece d\u00f6nd\u00fcrebilirlik.(sadece distorsiyon).<br \/>\u2013 Faz hata r\u00f6lesi<br \/>\u2013 \u00d6zel olarak tasarlanm\u0131\u015f ak\u0131m posta sistemi, yanl\u0131\u015f bir ba\u011flant\u0131da motor korumas\u0131. Not:Uluslararas\u0131 talepler<br \/>\u00fczerine, bu modelimiz\u00fcretilmi\u015ftir.Ana hatlar\u0131 ile al\u00fcminyum ala\u015f\u0131ml\u0131, hafif yap\u0131l\u0131, g\u00fczel tasar\u0131ml\u0131 ve de g\u00fc\u00e7l\u00fc<br \/>korozyon direnci vard\u0131r. \u00c7ok farkl\u0131 yerlerde ayr\u0131 s\u0131n\u0131flardaki i\u015flerde kullan\u0131labilir.<br \/>\u2013 \u00c7ift h\u0131z<br \/>\u2013 Pervaneli motor (So\u011futmal\u0131 sistem)<br \/>\u2013 G\u00fcvenlik i\u00e7in resetleme d\u00fc\u011fmesi<br \/>\u2013 G\u00fc\u00e7l\u00fc Korozyon direnci<br \/>\u2013 Ak\u0131ll\u0131 fren sistemi<br \/>\u2013 Faz hata rolesi.<\/p>\n<p>[\/et_pb_tab][et_pb_tab title=&#8221;ORDER FORM&#8221; _builder_version=&#8221;4.24.0&#8243; _module_preset=&#8221;default&#8221; hover_enabled=&#8221;0&#8243; global_colors_info=&#8221;{}&#8221; sticky_enabled=&#8221;0&#8243;]<\/p>\nThis form does not exist\n<p>[\/et_pb_tab][\/et_pb_tabs][\/et_pb_column][\/et_pb_row][\/et_pb_section]<\/p>\n","protected":false},"excerpt":{"rendered":"<p><div class=\"et_pb_module dnxt_next_color_motion dnxt_next_color_motion_0\">\n\t\t\t\t\n\t\t\t\t\n\t\t\t\t\n\t\t\t\t\n\t\t\t\t\n\t\t\t\t\n\t\t\t\t<div class=\"et_pb_module_inner\">\n\t\t\t\t\t<div>\r\n\t\t\t\t<h2 class=\"dnxt-grdnt-text-animation-2 dnxt-grdnt-text-animation_font\">\r\n\t\t\t\t\tPRODUCTS | 10 Ton Electric Chain Hoist\r\n\t\t\t\t<\/h2>\r\n\t\t\t<\/div>\n\t\t\t\t<\/div>\n\t\t\t<\/div><div class=\"et_pb_module dnxt_next_color_motion dnxt_next_color_motion_1\">\n\t\t\t\t\n\t\t\t\t\n\t\t\t\t\n\t\t\t\t\n\t\t\t\t\n\t\t\t\t\n\t\t\t\t<div class=\"et_pb_module_inner\">\n\t\t\t\t\t<div>\r\n\t\t\t\t<h2 class=\"dnxt-grdnt-text-animation-2 dnxt-grdnt-text-animation_font\">\r\n\t\t\t\t\t10 Ton Electric Chain Hoist\r\n\t\t\t\t<\/h2>\r\n\t\t\t<\/div>\n\t\t\t\t<\/div>\n\t\t\t<\/div>Your content goes here. Edit or remove this text inline or in the module Content settings. You can also style every [&hellip;]<\/p>\n","protected":false},"author":1,"featured_media":0,"parent":0,"menu_order":0,"comment_status":"closed","ping_status":"closed","template":"","meta":{"_et_pb_use_builder":"on","_et_pb_old_content":"","_et_gb_content_width":"","footnotes":""},"class_list":["post-336587","page","type-page","status-publish","hentry"],"_links":{"self":[{"href":"https:\/\/korkmazvinc.com\/en\/wp-json\/wp\/v2\/pages\/336587","targetHints":{"allow":["GET"]}}],"collection":[{"href":"https:\/\/korkmazvinc.com\/en\/wp-json\/wp\/v2\/pages"}],"about":[{"href":"https:\/\/korkmazvinc.com\/en\/wp-json\/wp\/v2\/types\/page"}],"author":[{"embeddable":true,"href":"https:\/\/korkmazvinc.com\/en\/wp-json\/wp\/v2\/users\/1"}],"replies":[{"embeddable":true,"href":"https:\/\/korkmazvinc.com\/en\/wp-json\/wp\/v2\/comments?post=336587"}],"version-history":[{"count":0,"href":"https:\/\/korkmazvinc.com\/en\/wp-json\/wp\/v2\/pages\/336587\/revisions"}],"wp:attachment":[{"href":"https:\/\/korkmazvinc.com\/en\/wp-json\/wp\/v2\/media?parent=336587"}],"curies":[{"name":"wp","href":"https:\/\/api.w.org\/{rel}","templated":true}]}}