{"id":337154,"date":"2024-01-13T05:15:48","date_gmt":"2024-01-13T02:15:48","guid":{"rendered":"https:\/\/korkmazvinc.com\/%d8%a7%d9%84%d9%85%d9%86%d8%aa%d8%ac%d8%a7%d8%aa\/"},"modified":"2026-01-17T23:35:10","modified_gmt":"2026-01-17T20:35:10","slug":"%d8%a7%d9%84%d9%85%d9%86%d8%aa%d8%ac%d8%a7%d8%aa","status":"publish","type":"page","link":"https:\/\/korkmazvinc.com\/ar\/%d8%a7%d9%84%d9%85%d9%86%d8%aa%d8%ac%d8%a7%d8%aa\/","title":{"rendered":"\u0627\u0644\u0645\u0646\u062a\u062c\u0627\u062a"},"content":{"rendered":"<p>[et_pb_section fb_built=&#8221;1&#8243; _builder_version=&#8221;4.24.0&#8243; _module_preset=&#8221;default&#8221; background_color=&#8221;#E09900&#8243; custom_padding=&#8221;6px||3px|||&#8221; global_colors_info=&#8221;{}&#8221;][et_pb_row _builder_version=&#8221;4.24.0&#8243; _module_preset=&#8221;default&#8221; custom_padding=&#8221;15px||17px|||&#8221; global_colors_info=&#8221;{}&#8221;][et_pb_column type=&#8221;4_4&#8243; _builder_version=&#8221;4.24.0&#8243; _module_preset=&#8221;default&#8221; global_colors_info=&#8221;{}&#8221;][dnxt_next_color_motion text_color_motion=&#8221;\u0645\u0646\u062a\u062c\u0627\u062a\u0646\u0627 | \u0645\u062c\u0645\u0648\u0639\u0627\u062a \u0627\u0644\u0623\u0648\u0646\u0627\u0634&#8221; text_color_motion_style=&#8221;dnxt-grdnt-text-animation-2&#8243; color_motion_color_one=&#8221;#FFFFFF&#8221; color_motion_color_two=&#8221;#000000&#8243; color_motion_color_three=&#8221;#FFFFFF&#8221; color_motion_color_four=&#8221;#000000&#8243; _builder_version=&#8221;4.27.2&#8243; _module_preset=&#8221;default&#8221; dnxt_color_motion_fonts_font_size=&#8221;25px&#8221; hover_enabled=&#8221;0&#8243; global_colors_info=&#8221;{}&#8221; sticky_enabled=&#8221;0&#8243;][\/dnxt_next_color_motion][\/et_pb_column][\/et_pb_row][\/et_pb_section][et_pb_section fb_built=&#8221;1&#8243; _builder_version=&#8221;4.24.0&#8243; _module_preset=&#8221;default&#8221; background_color=&#8221;#efefef&#8221; global_colors_info=&#8221;{}&#8221;][et_pb_row column_structure=&#8221;1_3,1_3,1_3&#8243; use_custom_gutter=&#8221;on&#8221; gutter_width=&#8221;2&#8243; _builder_version=&#8221;4.24.0&#8243; _module_preset=&#8221;default&#8221; global_colors_info=&#8221;{}&#8221;][et_pb_column type=&#8221;1_3&#8243; _builder_version=&#8221;4.24.0&#8243; _module_preset=&#8221;default&#8221; global_colors_info=&#8221;{}&#8221;][et_pb_blurb title=&#8221;\u0623\u0648\u0646\u0627\u0634 \u0639\u0644\u0648\u064a\u0629 (\u0623\u0648 \u0648\u0646\u0634 \u062c\u0633\u0631\u064a) &#8211; K\u00f6pr\u00fcl\u00fc Vin\u00e7&#8221; url=&#8221;@ET-DC@eyJkeW5hbWljIjp0cnVlLCJjb250ZW50IjoicG9zdF9saW5rX3VybF9wYWdlIiwic2V0dGluZ3MiOnsicG9zdF9pZCI6IjMzNTkxNyIsImVuYWJsZV9odG1sIjoib2ZmIn19@&#8221; image=&#8221;https:\/\/korkmazvinc.com\/wp-content\/uploads\/2024\/01\/Korulu-Vinc.jpg&#8221; _builder_version=&#8221;4.24.0&#8243; _dynamic_attributes=&#8221;url&#8221; _module_preset=&#8221;default&#8221; header_level=&#8221;h3&#8243; header_font_size=&#8221;25px&#8221; text_orientation=&#8221;center&#8221; custom_margin=&#8221;||||false|false&#8221; custom_padding=&#8221;10px|10px|10px|10px|false|false&#8221; border_radii=&#8221;on|5px|5px|5px|5px&#8221; border_width_all=&#8221;2px&#8221; border_color_all=&#8221;#b5b5b5&#8243; global_colors_info=&#8221;{}&#8221; transform_styles__hover_enabled=&#8221;on|hover&#8221; transform_scale__hover_enabled=&#8221;on|hover&#8221; transform_translate__hover_enabled=&#8221;on|desktop&#8221; transform_rotate__hover_enabled=&#8221;on|desktop&#8221; transform_skew__hover_enabled=&#8221;on|desktop&#8221; transform_origin__hover_enabled=&#8221;on|desktop&#8221; transform_scale__hover=&#8221;105%|105%&#8221;]\u062a\u0642\u062f\u0645 \u0627\u0628\u062a\u0643\u0627\u0631\u0627\u064b \u0622\u062e\u0631 \u0636\u0645\u0646 \u062d\u0644\u0648\u0644\u0647\u0627 \u0627\u0644\u0635\u0646\u0627\u0639\u064a\u0629: \u0627\u0644\u0623\u0648\u0646\u0627\u0634 \u0627\u0644\u0642\u0646\u0637\u0631\u064a\u0629. \u062a\u062a\u062d\u0631\u0643 \u0647\u0630\u0647 \u0627\u0644\u0623\u0648\u0646\u0627\u0634 \u0641\u064a \u0627\u062a\u062c\u0627\u0647 \u0648\u0627\u062d\u062f \u0639\u0644\u0649 \u0623\u0639\u0645\u062f\u0629 \u062b\u0627\u0628\u062a\u0629. [\/et_pb_blurb][\/et_pb_column][et_pb_column type=&#8221;1_3&#8243; _builder_version=&#8221;4.24.0&#8243; _module_preset=&#8221;default&#8221; global_colors_info=&#8221;{}&#8221;][et_pb_blurb title=&#8221;\u0645\u062c\u0645\u0648\u0639\u0627\u062a \u0627\u0644\u0631\u0641\u0639 (Kald\u0131rma Gruplar\u0131)&#8221; url=&#8221;@ET-DC@eyJkeW5hbWljIjp0cnVlLCJjb250ZW50IjoicG9zdF9saW5rX3VybF9wYWdlIiwic2V0dGluZ3MiOnsicG9zdF9pZCI6IjMzNTkxOSIsImVuYWJsZV9odG1sIjoib2ZmIn19@&#8221; image=&#8221;https:\/\/korkmazvinc.com\/wp-content\/uploads\/2024\/01\/zincirli-vincler.jpg&#8221; _builder_version=&#8221;4.27.2&#8243; _dynamic_attributes=&#8221;url&#8221; _module_preset=&#8221;default&#8221; header_level=&#8221;h3&#8243; header_font_size=&#8221;25px&#8221; text_orientation=&#8221;center&#8221; custom_margin=&#8221;||||false|false&#8221; custom_padding=&#8221;10px|10px|10px|10px|false|false&#8221; border_radii=&#8221;on|5px|5px|5px|5px&#8221; border_width_all=&#8221;2px&#8221; border_color_all=&#8221;#b5b5b5&#8243; global_colors_info=&#8221;{}&#8221; transform_styles__hover_enabled=&#8221;on|hover&#8221; transform_scale__hover_enabled=&#8221;on|hover&#8221; transform_translate__hover_enabled=&#8221;on|desktop&#8221; transform_rotate__hover_enabled=&#8221;on|desktop&#8221; transform_skew__hover_enabled=&#8221;on|desktop&#8221; transform_origin__hover_enabled=&#8221;on|desktop&#8221; transform_scale__hover=&#8221;105%|105%&#8221;]<\/p>\n<p>\u062a\u062c\u0639\u0644 \u0639\u0645\u0644\u064a\u0627\u062a \u0639\u0645\u0644\u0643\u0645 \u0623\u0643\u062b\u0631 \u0623\u0645\u0627\u0646\u0627\u064b \u0648\u0643\u0641\u0627\u0621\u0629 \u0645\u0646 \u062e\u0644\u0627\u0644 \u0645\u062c\u0645\u0648\u0639\u0627\u062a \u0627\u0644\u0631\u0641\u0639 (Kald\u0131rma Gruplar\u0131) \u0639\u0627\u0644\u064a\u0629 \u0627\u0644\u062c\u0648\u062f\u0629\u060c \u0627\u0644\u0645\u0635\u0645\u0645\u0629 \u062e\u0635\u064a\u0635\u0627\u064b \u0644\u062a\u0644\u0628\u064a\u0629 \u0627\u062d\u062a\u064a\u0627\u062c\u0627\u062a \u0627\u0644\u0631\u0641\u0639 \u0627\u0644\u0635\u0646\u0627\u0639\u064a\u0629 \u0627\u0644\u062e\u0627\u0635\u0629 \u0628\u0643\u0645.<\/p>\n<p>[\/et_pb_blurb][\/et_pb_column][et_pb_column type=&#8221;1_3&#8243; _builder_version=&#8221;4.24.0&#8243; _module_preset=&#8221;default&#8221; global_colors_info=&#8221;{}&#8221;][et_pb_blurb title=&#8221;\u0631\u0627\u0641\u0639\u0629 \u0630\u0631\u0627\u0639\u064a\u0629&#8221; url=&#8221;@ET-DC@eyJkeW5hbWljIjp0cnVlLCJjb250ZW50IjoicG9zdF9saW5rX3VybF9wYWdlIiwic2V0dGluZ3MiOnsicG9zdF9pZCI6IjMzNTkyMSIsImVuYWJsZV9odG1sIjoib2ZmIn19@&#8221; image=&#8221;https:\/\/korkmazvinc.com\/wp-content\/uploads\/2024\/01\/pergel-vinc.jpg&#8221; _builder_version=&#8221;4.24.0&#8243; _dynamic_attributes=&#8221;url&#8221; _module_preset=&#8221;default&#8221; header_level=&#8221;h3&#8243; header_font_size=&#8221;25px&#8221; text_orientation=&#8221;center&#8221; custom_margin=&#8221;||||false|false&#8221; custom_padding=&#8221;10px|10px|10px|10px|false|false&#8221; border_radii=&#8221;on|5px|5px|5px|5px&#8221; border_width_all=&#8221;2px&#8221; border_color_all=&#8221;#b5b5b5&#8243; global_colors_info=&#8221;{}&#8221; transform_styles__hover_enabled=&#8221;on|hover&#8221; transform_scale__hover_enabled=&#8221;on|hover&#8221; transform_translate__hover_enabled=&#8221;on|desktop&#8221; transform_rotate__hover_enabled=&#8221;on|desktop&#8221; transform_skew__hover_enabled=&#8221;on|desktop&#8221; transform_origin__hover_enabled=&#8221;on|desktop&#8221; transform_scale__hover=&#8221;105%|105%&#8221;]<\/p>\n<p>\u062a\u064f\u0642\u062f\u0645 \u0627\u0644\u0623\u0648\u0646\u0627\u0634 \u0627\u0644\u062c\u064a\u0628\u064a\u0629 (Pergel Vin\u00e7ler) \u0623\u062f\u0627\u0621\u064b \u0645\u0645\u062a\u0627\u0632\u0627\u064b\u060c \u0644\u0627 \u0633\u064a\u0645\u0627 \u0641\u064a \u062a\u0637\u0628\u064a\u0642\u0627\u062a \u062a\u062d\u0645\u064a\u0644 \u0648\u062a\u0641\u0631\u064a\u063a \u0627\u0644\u0623\u062d\u0645\u0627\u0644 \u0639\u0644\u0649 \u0627\u0644\u0645\u0627\u0643\u064a\u0646\u0627\u062a \u062f\u0627\u062e\u0644 \u0635\u0627\u0644\u0627\u062a \u0627\u0644\u062a\u0635\u0646\u064a\u0639\u060c \u0648\u062a\u064f\u0633\u062a\u062e\u062f\u0645 \u0641\u064a \u0627\u0644\u0645\u0646\u0627\u0637\u0642 \u0627\u0644\u062a\u064a \u064a\u0635\u0639\u0628 \u0641\u064a\u0647\u0627 \u062a\u0637\u0628\u064a\u0642 \u0627\u0644\u0623\u0648\u0646\u0627\u0634 \u0627\u0644\u0633\u0642\u0641\u064a\u0629.<\/p>\n<p>[\/et_pb_blurb][\/et_pb_column][\/et_pb_row][et_pb_row column_structure=&#8221;1_3,1_3,1_3&#8243; use_custom_gutter=&#8221;on&#8221; gutter_width=&#8221;2&#8243; _builder_version=&#8221;4.24.0&#8243; _module_preset=&#8221;default&#8221; global_colors_info=&#8221;{}&#8221;][et_pb_column type=&#8221;1_3&#8243; _builder_version=&#8221;4.24.0&#8243; _module_preset=&#8221;default&#8221; global_colors_info=&#8221;{}&#8221;][et_pb_blurb title=&#8221;\u0631\u0627\u0641\u0639\u0629 \u0642\u0646\u0637\u0631\u064a\u0629&#8221; url=&#8221;@ET-DC@eyJkeW5hbWljIjp0cnVlLCJjb250ZW50IjoicG9zdF9saW5rX3VybF9wYWdlIiwic2V0dGluZ3MiOnsicG9zdF9pZCI6IjMzNTkyMyIsImVuYWJsZV9odG1sIjoib2ZmIn19@&#8221; image=&#8221;https:\/\/korkmazvinc.com\/wp-content\/uploads\/2024\/01\/portal-vinc.jpg&#8221; _builder_version=&#8221;4.24.0&#8243; _dynamic_attributes=&#8221;url&#8221; _module_preset=&#8221;default&#8221; header_level=&#8221;h3&#8243; header_font_size=&#8221;25px&#8221; text_orientation=&#8221;center&#8221; custom_margin=&#8221;||||false|false&#8221; custom_padding=&#8221;10px|10px|10px|10px|false|false&#8221; border_radii=&#8221;on|5px|5px|5px|5px&#8221; border_width_all=&#8221;2px&#8221; border_color_all=&#8221;#b5b5b5&#8243; global_colors_info=&#8221;{}&#8221; transform_styles__hover_enabled=&#8221;on|hover&#8221; transform_scale__hover_enabled=&#8221;on|hover&#8221; transform_translate__hover_enabled=&#8221;on|desktop&#8221; transform_rotate__hover_enabled=&#8221;on|desktop&#8221; transform_skew__hover_enabled=&#8221;on|desktop&#8221; transform_origin__hover_enabled=&#8221;on|desktop&#8221; transform_scale__hover=&#8221;105%|105%&#8221;]<\/p>\n<p>\u062a\u064f\u0633\u062a\u062e\u062f\u0645 \u0627\u0644\u0623\u0648\u0646\u0627\u0634 \u0627\u0644\u0642\u0646\u0637\u0631\u064a\u0629 (Portal Vin\u00e7) \u0644\u062f\u064a\u0646\u0627 \u0639\u0627\u062f\u0629\u064b \u0641\u064a \u0642\u0637\u0627\u0639\u0627\u062a \u0645\u062b\u0644 \u0627\u0644\u0631\u062e\u0627\u0645\u060c \u0648\u0627\u0644\u062d\u062f\u064a\u062f \u0648\u0627\u0644\u0635\u0644\u0628\u060c \u0648\u0627\u0644\u062f\u0631\u0641\u0644\u0629\u060c \u0648\u0627\u0644\u0625\u0646\u0634\u0627\u0621\u0627\u062a\u060c \u0648\u0627\u0644\u0647\u064a\u0627\u0643\u0644 \u0627\u0644\u0641\u0648\u0644\u0627\u0630\u064a\u0629\u060c \u062e\u0627\u0635\u0629 \u0641\u064a \u0627\u0644\u0645\u0646\u0627\u0637\u0642 \u0627\u0644\u0645\u0641\u062a\u0648\u062d\u0629 \u0644\u0623\u063a\u0631\u0627\u0636 \u0627\u0644\u062a\u062e\u0632\u064a\u0646 \u0648\u0627\u0644\u0646\u0642\u0644&#8230;<\/p>\n<p>[\/et_pb_blurb][\/et_pb_column][et_pb_column type=&#8221;1_3&#8243; _builder_version=&#8221;4.24.0&#8243; _module_preset=&#8221;default&#8221; global_colors_info=&#8221;{}&#8221;][et_pb_blurb title=&#8221;\u0623\u0648\u0646\u0627\u0634 \u0643\u0647\u0631\u0628\u0627\u0626\u064a\u0629&#8221; url=&#8221;@ET-DC@eyJkeW5hbWljIjp0cnVlLCJjb250ZW50IjoicG9zdF9saW5rX3VybF9wYWdlIiwic2V0dGluZ3MiOnsicG9zdF9pZCI6IjMzNTkyNSIsImVuYWJsZV9odG1sIjoib2ZmIn19@&#8221; image=&#8221;https:\/\/korkmazvinc.com\/wp-content\/uploads\/2024\/01\/elektrikli-vincler.jpg&#8221; _builder_version=&#8221;4.24.0&#8243; _dynamic_attributes=&#8221;url&#8221; _module_preset=&#8221;default&#8221; header_level=&#8221;h3&#8243; header_font_size=&#8221;25px&#8221; text_orientation=&#8221;center&#8221; custom_margin=&#8221;||||false|false&#8221; custom_padding=&#8221;10px|10px|10px|10px|false|false&#8221; border_radii=&#8221;on|5px|5px|5px|5px&#8221; border_width_all=&#8221;2px&#8221; border_color_all=&#8221;#b5b5b5&#8243; global_colors_info=&#8221;{}&#8221; transform_styles__hover_enabled=&#8221;on|hover&#8221; transform_scale__hover_enabled=&#8221;on|hover&#8221; transform_translate__hover_enabled=&#8221;on|desktop&#8221; transform_rotate__hover_enabled=&#8221;on|desktop&#8221; transform_skew__hover_enabled=&#8221;on|desktop&#8221; transform_origin__hover_enabled=&#8221;on|desktop&#8221; transform_scale__hover=&#8221;105%|105%&#8221;]<\/p>\n<p>\u064a\u0645\u0643\u0646 \u062a\u0635\u0646\u064a\u0639 \u0627\u0644\u0631\u0627\u0641\u0639\u0627\u062a \u0623\u062d\u0627\u062f\u064a\u0629 \u0627\u0644\u0633\u0643\u0629 \u0643\u0631\u0627\u0641\u0639\u0629 \u0645\u062a\u062d\u0631\u0643\u0629 \u0639\u0644\u0648\u064a\u0629 &#8211; \u0631\u0627\u0641\u0639\u0629 \u062c\u0633\u0631\u064a\u0629. \u062a\u062a\u062d\u0631\u0643 \u0627\u0644\u0623\u0648\u0646\u0627\u0634 \u0623\u062d\u0627\u062f\u064a\u0629 \u0627\u0644\u0633\u0643\u0629 (Monoray Vin\u00e7ler) \u0639\u0627\u062f\u0629\u064b \u0630\u0647\u0627\u0628\u0627\u064b \u0648\u0625\u064a\u0627\u0628\u0627\u064b \u0639\u0644\u0649 \u0642\u0636\u064a\u0628 \u062d\u062f\u064a\u062f\u064a \u0648\u0627\u062d\u062f \u0645\u062b\u0628\u062a \u0641\u064a \u0627\u0644\u0633\u0642\u0641\u060c \u0648\u062a\u0624\u062f\u064a \u062d\u0631\u0643\u062a\u064a \u0627\u0644\u0631\u0641\u0639 \u0648\u0627\u0644\u062e\u0641\u0636.<\/p>\n<p>[\/et_pb_blurb][\/et_pb_column][et_pb_column type=&#8221;1_3&#8243; _builder_version=&#8221;4.24.0&#8243; _module_preset=&#8221;default&#8221; global_colors_info=&#8221;{}&#8221;][et_pb_blurb title=&#8221;\u0623\u0648\u0646\u0627\u0634 \u062c\u0646\u0632\u064a\u0631 \u0643\u0647\u0631\u0628\u0627\u0626\u064a\u0629&#8221; url=&#8221;@ET-DC@eyJkeW5hbWljIjp0cnVlLCJjb250ZW50IjoicG9zdF9saW5rX3VybF9wYWdlIiwic2V0dGluZ3MiOnsicG9zdF9pZCI6IjMzNTkyNyIsImVuYWJsZV9odG1sIjoib2ZmIn19@&#8221; image=&#8221;https:\/\/korkmazvinc.com\/wp-content\/uploads\/2024\/01\/zincirli-vincler.jpg&#8221; _builder_version=&#8221;4.24.0&#8243; _dynamic_attributes=&#8221;url&#8221; _module_preset=&#8221;default&#8221; header_level=&#8221;h3&#8243; header_font_size=&#8221;25px&#8221; text_orientation=&#8221;center&#8221; custom_margin=&#8221;||||false|false&#8221; custom_padding=&#8221;10px|10px|10px|10px|false|false&#8221; border_radii=&#8221;on|5px|5px|5px|5px&#8221; border_width_all=&#8221;2px&#8221; border_color_all=&#8221;#b5b5b5&#8243; global_colors_info=&#8221;{}&#8221; transform_styles__hover_enabled=&#8221;on|hover&#8221; transform_scale__hover_enabled=&#8221;on|hover&#8221; transform_translate__hover_enabled=&#8221;on|desktop&#8221; transform_rotate__hover_enabled=&#8221;on|desktop&#8221; transform_skew__hover_enabled=&#8221;on|desktop&#8221; transform_origin__hover_enabled=&#8221;on|desktop&#8221; transform_scale__hover=&#8221;105%|105%&#8221;]<\/p>\n<p>\u0628\u0641\u0636\u0644 \u0646\u0638\u0627\u0645\u0647\u0627 \u0627\u0644\u0645\u0634\u062d\u0645 \u0628\u0627\u0644\u0632\u064a\u062a \u0627\u0644\u0633\u0627\u0626\u0644\u060c \u062a\u0648\u0641\u0631 \u0639\u0645\u0631\u064b\u0627 \u0627\u0641\u062a\u0631\u0627\u0636\u064a\u064b\u0627 \u0623\u0637\u0648\u0644 \u0628\u0645\u0631\u062a\u064a\u0646\u060c \u0648\u0641\u062a\u0631\u0629 \u062a\u0634\u063a\u064a\u0644 \u062e\u0627\u0644\u064a\u0629 \u0645\u0646 \u0627\u0644\u0645\u0634\u0627\u0643\u0644 \u0628\u0645\u0631\u062a\u064a\u0646\u061b \u0643\u0645\u0627 \u062a\u0645\u062a\u0644\u0643 \u0646\u0638\u0627\u0645\u064b\u0627 \u0645\u062d\u0645\u064a\u064b\u0627 \u0636\u062f \u0627\u0644\u0623\u0639\u0637\u0627\u0644 \u0627\u0644\u062a\u064a \u0642\u062f \u062a\u0646\u062c\u0645 \u0639\u0646 \u0627\u0646\u062e\u0641\u0627\u0636 \u0627\u0644\u062a\u0631\u062f\u062f \u0641\u064a \u0627\u0644\u062a\u064a\u0627\u0631 \u0627\u0644\u0643\u0647\u0631\u0628\u0627\u0626\u064a.<\/p>\n<p>[\/et_pb_blurb][\/et_pb_column][\/et_pb_row][\/et_pb_section]<\/p>\n","protected":false},"excerpt":{"rendered":"<p><div class=\"et_pb_module dnxt_next_color_motion dnxt_next_color_motion_0\">\n\t\t\t\t\n\t\t\t\t\n\t\t\t\t\n\t\t\t\t\n\t\t\t\t\n\t\t\t\t\n\t\t\t\t<div class=\"et_pb_module_inner\">\n\t\t\t\t\t<div>\r\n\t\t\t\t<h2 class=\"dnxt-grdnt-text-animation-2 dnxt-grdnt-text-animation_font\">\r\n\t\t\t\t\t\u0645\u0646\u062a\u062c\u0627\u062a\u0646\u0627 | \u0645\u062c\u0645\u0648\u0639\u0627\u062a \u0627\u0644\u0623\u0648\u0646\u0627\u0634\r\n\t\t\t\t<\/h2>\r\n\t\t\t<\/div>\n\t\t\t\t<\/div>\n\t\t\t<\/div>\u062a\u0642\u062f\u0645 \u0627\u0628\u062a\u0643\u0627\u0631\u0627\u064b \u0622\u062e\u0631 \u0636\u0645\u0646 \u062d\u0644\u0648\u0644\u0647\u0627 \u0627\u0644\u0635\u0646\u0627\u0639\u064a\u0629: \u0627\u0644\u0623\u0648\u0646\u0627\u0634 \u0627\u0644\u0642\u0646\u0637\u0631\u064a\u0629. \u062a\u062a\u062d\u0631\u0643 \u0647\u0630\u0647 \u0627\u0644\u0623\u0648\u0646\u0627\u0634 \u0641\u064a \u0627\u062a\u062c\u0627\u0647 \u0648\u0627\u062d\u062f \u0639\u0644\u0649 \u0623\u0639\u0645\u062f\u0629 \u062b\u0627\u0628\u062a\u0629. \u062a\u062c\u0639\u0644 \u0639\u0645\u0644\u064a\u0627\u062a \u0639\u0645\u0644\u0643\u0645 \u0623\u0643\u062b\u0631 \u0623\u0645\u0627\u0646\u0627\u064b \u0648\u0643\u0641\u0627\u0621\u0629 \u0645\u0646 \u062e\u0644\u0627\u0644 \u0645\u062c\u0645\u0648\u0639\u0627\u062a \u0627\u0644\u0631\u0641\u0639 (Kald\u0131rma Gruplar\u0131) \u0639\u0627\u0644\u064a\u0629 \u0627\u0644\u062c\u0648\u062f\u0629\u060c \u0627\u0644\u0645\u0635\u0645\u0645\u0629 \u062e\u0635\u064a\u0635\u0627\u064b \u0644\u062a\u0644\u0628\u064a\u0629 \u0627\u062d\u062a\u064a\u0627\u062c\u0627\u062a \u0627\u0644\u0631\u0641\u0639 \u0627\u0644\u0635\u0646\u0627\u0639\u064a\u0629 \u0627\u0644\u062e\u0627\u0635\u0629 \u0628\u0643\u0645.\u062a\u064f\u0642\u062f\u0645 \u0627\u0644\u0623\u0648\u0646\u0627\u0634 [&hellip;]<\/p>\n","protected":false},"author":1,"featured_media":0,"parent":0,"menu_order":0,"comment_status":"closed","ping_status":"closed","template":"","meta":{"_et_pb_use_builder":"on","_et_pb_old_content":"","_et_gb_content_width":"","footnotes":""},"class_list":["post-337154","page","type-page","status-publish","hentry"],"_links":{"self":[{"href":"https:\/\/korkmazvinc.com\/ar\/wp-json\/wp\/v2\/pages\/337154","targetHints":{"allow":["GET"]}}],"collection":[{"href":"https:\/\/korkmazvinc.com\/ar\/wp-json\/wp\/v2\/pages"}],"about":[{"href":"https:\/\/korkmazvinc.com\/ar\/wp-json\/wp\/v2\/types\/page"}],"author":[{"embeddable":true,"href":"https:\/\/korkmazvinc.com\/ar\/wp-json\/wp\/v2\/users\/1"}],"replies":[{"embeddable":true,"href":"https:\/\/korkmazvinc.com\/ar\/wp-json\/wp\/v2\/comments?post=337154"}],"version-history":[{"count":3,"href":"https:\/\/korkmazvinc.com\/ar\/wp-json\/wp\/v2\/pages\/337154\/revisions"}],"predecessor-version":[{"id":337222,"href":"https:\/\/korkmazvinc.com\/ar\/wp-json\/wp\/v2\/pages\/337154\/revisions\/337222"}],"wp:attachment":[{"href":"https:\/\/korkmazvinc.com\/ar\/wp-json\/wp\/v2\/media?parent=337154"}],"curies":[{"name":"wp","href":"https:\/\/api.w.org\/{rel}","templated":true}]}}