{"id":337142,"date":"2024-01-14T02:27:07","date_gmt":"2024-01-13T23:27:07","guid":{"rendered":"https:\/\/korkmazvinc.com\/?page_id=337142"},"modified":"2026-01-17T22:56:46","modified_gmt":"2026-01-17T19:56:46","slug":"%d9%85%d8%ac%d9%85%d9%88%d8%b9%d8%a7%d8%aa-%d8%a7%d9%84%d8%b1%d9%81%d8%b9","status":"publish","type":"page","link":"https:\/\/korkmazvinc.com\/ar\/%d9%85%d8%ac%d9%85%d9%88%d8%b9%d8%a7%d8%aa-%d8%a7%d9%84%d8%b1%d9%81%d8%b9\/","title":{"rendered":"\u0645\u062c\u0645\u0648\u0639\u0627\u062a \u0627\u0644\u0631\u0641\u0639"},"content":{"rendered":"<p>[et_pb_section fb_built=&#8221;1&#8243; _builder_version=&#8221;4.24.0&#8243; _module_preset=&#8221;default&#8221; background_color=&#8221;#E09900&#8243; custom_padding=&#8221;6px||3px|||&#8221; global_colors_info=&#8221;{}&#8221;][et_pb_row _builder_version=&#8221;4.24.0&#8243; _module_preset=&#8221;default&#8221; custom_padding=&#8221;15px||17px|||&#8221; global_colors_info=&#8221;{}&#8221;][et_pb_column type=&#8221;4_4&#8243; _builder_version=&#8221;4.24.0&#8243; _module_preset=&#8221;default&#8221; global_colors_info=&#8221;{}&#8221;][dnxt_next_color_motion text_color_motion=&#8221;\u0627\u0644\u0645\u0646\u062a\u062c\u0627\u062a | \u0645\u062c\u0645\u0648\u0639\u0627\u062a \u0627\u0644\u0631\u0641\u0639&#8221; text_color_motion_style=&#8221;dnxt-grdnt-text-animation-2&#8243; color_motion_color_one=&#8221;#FFFFFF&#8221; color_motion_color_two=&#8221;#000000&#8243; color_motion_color_three=&#8221;#FFFFFF&#8221; color_motion_color_four=&#8221;#000000&#8243; _builder_version=&#8221;4.27.2&#8243; _module_preset=&#8221;default&#8221; dnxt_color_motion_fonts_font_size=&#8221;25px&#8221; global_colors_info=&#8221;{}&#8221;][\/dnxt_next_color_motion][\/et_pb_column][\/et_pb_row][\/et_pb_section][et_pb_section fb_built=&#8221;1&#8243; _builder_version=&#8221;4.24.0&#8243; _module_preset=&#8221;default&#8221; background_color=&#8221;#efefef&#8221; global_colors_info=&#8221;{}&#8221;][et_pb_row column_structure=&#8221;1_2,1_2&#8243; _builder_version=&#8221;4.24.0&#8243; _module_preset=&#8221;default&#8221; custom_padding=&#8221;||7px|||&#8221; global_colors_info=&#8221;{}&#8221;][et_pb_column type=&#8221;1_2&#8243; _builder_version=&#8221;4.24.0&#8243; _module_preset=&#8221;default&#8221; global_colors_info=&#8221;{}&#8221;][et_pb_image src=&#8221;https:\/\/korkmazvinc.com\/wp-content\/uploads\/2024\/11\/1.jpg&#8221; alt=&#8221;zincirli vinc&#8221; title_text=&#8221;Zincirli Vin\u00e7&#8221; admin_label=&#8221;G\u00f6r\u00fcnt\u00fc&#8221; _builder_version=&#8221;4.27.2&#8243; _module_preset=&#8221;default&#8221; custom_padding=&#8221;||||false|false&#8221; border_radii=&#8221;on|5px|5px|5px|5px&#8221; border_width_all=&#8221;2px&#8221; border_color_all=&#8221;#999999&#8243; global_colors_info=&#8221;{}&#8221; transform_styles__hover_enabled=&#8221;on|hover&#8221; transform_scale__hover_enabled=&#8221;on|hover&#8221; transform_translate__hover_enabled=&#8221;on|desktop&#8221; transform_rotate__hover_enabled=&#8221;on|desktop&#8221; transform_skew__hover_enabled=&#8221;on|desktop&#8221; transform_origin__hover_enabled=&#8221;on|desktop&#8221; transform_scale__hover=&#8221;105%|105%&#8221;][\/et_pb_image][\/et_pb_column][et_pb_column type=&#8221;1_2&#8243; _builder_version=&#8221;4.24.0&#8243; _module_preset=&#8221;default&#8221; global_colors_info=&#8221;{}&#8221;][dnxt_next_color_motion text_color_motion=&#8221;\u0645\u062c\u0645\u0648\u0639\u0627\u062a \u0631\u0641\u0639 \u0643\u0648\u0631\u0643\u0645\u0627\u0632 (Korkmaz Vin\u00e7)&#8221; text_color_motion_style=&#8221;dnxt-grdnt-text-animation-2&#8243; color_motion_color_one=&#8221;#666666&#8243; color_motion_color_two=&#8221;#000000&#8243; color_motion_color_three=&#8221;#a5a5a5&#8243; color_motion_color_four=&#8221;#000000&#8243; _builder_version=&#8221;4.27.2&#8243; _module_preset=&#8221;default&#8221; dnxt_color_motion_fonts_font_size=&#8221;25px&#8221; hover_enabled=&#8221;0&#8243; global_colors_info=&#8221;{}&#8221; sticky_enabled=&#8221;0&#8243;][\/dnxt_next_color_motion][et_pb_text _builder_version=&#8221;4.27.2&#8243; _module_preset=&#8221;default&#8221; hover_enabled=&#8221;0&#8243; global_colors_info=&#8221;{}&#8221; sticky_enabled=&#8221;0&#8243;]\u062a\u0639\u0632\u0632 &#8220;\u0643\u0648\u0631\u0643\u0645\u0627\u0632 \u0644\u0644\u0623\u0648\u0646\u0627\u0634&#8221; (Korkmaz Vin\u00e7) \u0623\u0645\u0627\u0646 \u0648\u0643\u0641\u0627\u0621\u0629 \u0639\u0645\u0644\u064a\u0627\u062a\u0643\u0645 \u0639\u0628\u0631 \u0645\u062c\u0645\u0648\u0639\u0627\u062a \u0631\u0641\u0639 \u0639\u0627\u0644\u064a\u0629 \u0627\u0644\u062c\u0648\u062f\u0629 \u0645\u0635\u0645\u0645\u0629 \u0644\u062a\u0644\u0628\u064a\u0629 \u0627\u062d\u062a\u064a\u0627\u062c\u0627\u062a \u0627\u0644\u0631\u0641\u0639 \u0627\u0644\u0635\u0646\u0627\u0639\u064a.<\/p>\n<p>\u0623\u0646\u0638\u0645\u0629 \u062a\u062d\u0643\u0645 \u0645\u062a\u0637\u0648\u0631\u0629: \u062a\u0648\u0641\u0631 \u0623\u0646\u0638\u0645\u0629 \u062a\u062d\u0643\u0645 \u0630\u0643\u064a\u0629 \u0644\u062a\u062c\u0631\u0628\u0629 \u0631\u0641\u0639 \u062f\u0642\u064a\u0642\u0629 \u0648\u0622\u0645\u0646\u0629\u060c \u0645\u0639 \u0648\u0627\u062c\u0647\u0627\u062a \u0633\u0647\u0644\u0629 \u0627\u0644\u0627\u0633\u062a\u062e\u062f\u0627\u0645 \u0644\u0625\u062f\u0627\u0631\u0629 \u0623\u0643\u062b\u0631 \u0641\u0627\u0639\u0644\u064a\u0629.<\/p>\n<p>\u0645\u0648\u0627\u062f \u0645\u062a\u064a\u0646\u0629: \u0635\u064f\u0646\u0639\u062a \u0645\u0646 \u0645\u0648\u0627\u062f \u0645\u0633\u062a\u062f\u0627\u0645\u0629 \u0648\u0647\u064a\u0627\u0643\u0644 \u0641\u0648\u0644\u0627\u0630\u064a\u0629 \u0642\u0648\u064a\u0629 \u0645\u062e\u0635\u0635\u0629 \u0644\u0631\u0641\u0639 \u0627\u0644\u0623\u062d\u0645\u0627\u0644 \u0627\u0644\u062b\u0642\u064a\u0644\u0629 \u0628\u0623\u0645\u0627\u0646 \u0648\u0644\u0639\u0645\u0631 \u062a\u0634\u063a\u064a\u0644\u064a \u0637\u0648\u064a\u0644.<\/p>\n<p>\u062a\u0635\u0645\u064a\u0645 \u064a\u0648\u0644\u064a \u0627\u0644\u0623\u0648\u0644\u0648\u064a\u0629 \u0644\u0644\u0623\u0645\u0627\u0646: \u062a\u0633\u0627\u0639\u062f\u0643\u0645 \u0645\u062c\u0645\u0648\u0639\u0627\u062a \u0627\u0644\u0631\u0641\u0639 \u0627\u0644\u0645\u0635\u0645\u0645\u0629 \u0648\u0641\u0642\u0627\u064b \u0644\u0645\u0639\u0627\u064a\u064a\u0631 \u0627\u0644\u0633\u0644\u0627\u0645\u0629 \u0627\u0644\u0639\u0627\u0644\u0645\u064a\u0629 \u0641\u064a \u0625\u062f\u0627\u0631\u0629 \u0639\u0645\u0644\u064a\u0627\u062a\u0643\u0645 \u0628\u0623\u0645\u0627\u0646 \u062a\u0627\u0645.<\/p>\n<p>\u0647\u0644 \u062a\u0648\u062f \u062a\u0631\u062c\u0645\u0629 \u0642\u0633\u0645 \u0622\u062e\u0631\u061f[\/et_pb_text][\/et_pb_column][\/et_pb_row][et_pb_row _builder_version=&#8221;4.24.0&#8243; _module_preset=&#8221;default&#8221; global_colors_info=&#8221;{}&#8221;][et_pb_column type=&#8221;4_4&#8243; _builder_version=&#8221;4.24.0&#8243; _module_preset=&#8221;default&#8221; global_colors_info=&#8221;{}&#8221;][et_pb_tabs _builder_version=&#8221;4.27.2&#8243; _module_preset=&#8221;default&#8221; tab_font_size=&#8221;16px&#8221; hover_enabled=&#8221;0&#8243; global_colors_info=&#8221;{}&#8221; sticky_enabled=&#8221;0&#8243;][et_pb_tab title=&#8221;\u0648\u0635\u0641 \u0627\u0644\u0645\u0646\u062a\u062c&#8221; _builder_version=&#8221;4.27.2&#8243; _module_preset=&#8221;default&#8221; hover_enabled=&#8221;0&#8243; global_colors_info=&#8221;{}&#8221; sticky_enabled=&#8221;0&#8243;]\u062a\u0642\u062f\u0645 \u0645\u062c\u0645\u0648\u0639\u0627\u062a \u0627\u0644\u0631\u0641\u0639 \u0645\u0646 &#8220;Korkmaz Vin\u00e7&#8221; \u062d\u0644\u0627\u064b \u0645\u062b\u0627\u0644\u064a\u0627\u064b \u0644\u062a\u062d\u0633\u064a\u0646 \u0639\u0645\u0644\u064a\u0627\u062a\u0643\u0645 \u0648\u0645\u0646\u062d \u0627\u0644\u0623\u0648\u0644\u0648\u064a\u0629 \u0644\u0644\u0623\u0645\u0627\u0646. \u062a\u0644\u0628\u064a \u0645\u0648\u062f\u064a\u0644\u0627\u062a\u0647\u0627 \u0630\u0627\u062a \u0627\u0644\u0633\u0639\u0627\u062a \u0627\u0644\u0645\u062a\u0646\u0648\u0639\u0629 \u0645\u062e\u062a\u0644\u0641 \u0627\u0644\u062a\u0637\u0628\u064a\u0642\u0627\u062a \u0627\u0644\u0635\u0646\u0627\u0639\u064a\u0629\u060c \u0648\u062a\u0636\u0645\u0646 \u0644\u0643\u0645 \u0623\u062f\u0627\u0621\u064b \u0648\u0643\u0641\u0627\u0621\u0629 \u0639\u0627\u0644\u064a\u0629 \u0641\u064a \u0628\u064a\u0626\u0629 \u0627\u0644\u0639\u0645\u0644 \u0628\u0641\u0636\u0644 \u062a\u0632\u0648\u064a\u062f\u0647\u0627 \u0628\u0623\u0646\u0638\u0645\u0629 \u062a\u062d\u0643\u0645 \u062d\u062f\u064a\u062b\u0629\u060c \u0645\u0648\u062b\u0648\u0642\u0629 \u0648\u0645\u062a\u064a\u0646\u0629.<\/p>\n<p>\u0647\u0644 \u062a\u0648\u062f \u062a\u0631\u062c\u0645\u0629 \u0627\u0644\u0645\u0648\u0627\u0635\u0641\u0627\u062a \u0627\u0644\u0641\u0646\u064a\u0629 \u0623\u064a\u0636\u0627\u064b\u061f[\/et_pb_tab][et_pb_tab title=&#8221;\u0627\u0644\u0645\u0648\u0627\u0635\u0641\u0627\u062a&#8221; _builder_version=&#8221;4.27.2&#8243; _module_preset=&#8221;default&#8221; hover_enabled=&#8221;0&#8243; global_colors_info=&#8221;{}&#8221; sticky_enabled=&#8221;0&#8243;]\u0627\u0644\u0645\u0648\u0627\u0635\u0641\u0627\u062a \u0627\u0644\u0641\u0646\u064a\u0629:<\/p>\n<p>\u0633\u0639\u0627\u062a \u0645\u062a\u0646\u0648\u0639\u0629: \u062a\u0642\u062f\u0645 \u0645\u062c\u0645\u0648\u0639\u0627\u062a \u0627\u0644\u0631\u0641\u0639 \u0645\u0646 &#8220;Korkmaz Vin\u00e7&#8221; \u0645\u0648\u062f\u064a\u0644\u0627\u062a \u0645\u062a\u0648\u0627\u0641\u0642\u0629 \u0645\u0639 \u0633\u0639\u0627\u062a \u062d\u0645\u0648\u0644\u0629 \u0645\u062e\u062a\u0644\u0641\u0629\u060c \u0645\u0645\u0627 \u064a\u0636\u0645\u0646 \u0645\u0644\u0627\u0621\u0645\u062a\u0647\u0627 \u0644\u0645\u062e\u062a\u0644\u0641 \u0627\u0644\u062a\u0637\u0628\u064a\u0642\u0627\u062a \u0627\u0644\u0635\u0646\u0627\u0639\u064a\u0629.<\/p>\n<p>\u0647\u0644 \u062a\u0631\u064a\u062f \u062a\u0631\u062c\u0645\u0629 \u0628\u0642\u064a\u0629 \u0627\u0644\u0645\u0648\u0627\u0635\u0641\u0627\u062a\u061f[\/et_pb_tab][et_pb_tab title=&#8221;\u0646\u0645\u0648\u0630\u062c \u0627\u0644\u0637\u0644\u0628&#8221; _builder_version=&#8221;4.27.2&#8243; _module_preset=&#8221;default&#8221; hover_enabled=&#8221;0&#8243; global_colors_info=&#8221;{}&#8221; sticky_enabled=&#8221;0&#8243;]This form does not exist<br \/>\n[\/et_pb_tab][\/et_pb_tabs][\/et_pb_column][\/et_pb_row][\/et_pb_section]<\/p>\n","protected":false},"excerpt":{"rendered":"<p><div class=\"et_pb_module dnxt_next_color_motion dnxt_next_color_motion_0\">\n\t\t\t\t\n\t\t\t\t\n\t\t\t\t\n\t\t\t\t\n\t\t\t\t\n\t\t\t\t\n\t\t\t\t<div class=\"et_pb_module_inner\">\n\t\t\t\t\t<div>\r\n\t\t\t\t<h2 class=\"dnxt-grdnt-text-animation-2 dnxt-grdnt-text-animation_font\">\r\n\t\t\t\t\t\u0627\u0644\u0645\u0646\u062a\u062c\u0627\u062a | \u0645\u062c\u0645\u0648\u0639\u0627\u062a \u0627\u0644\u0631\u0641\u0639\r\n\t\t\t\t<\/h2>\r\n\t\t\t<\/div>\n\t\t\t\t<\/div>\n\t\t\t<\/div><div class=\"et_pb_module dnxt_next_color_motion dnxt_next_color_motion_1\">\n\t\t\t\t\n\t\t\t\t\n\t\t\t\t\n\t\t\t\t\n\t\t\t\t\n\t\t\t\t\n\t\t\t\t<div class=\"et_pb_module_inner\">\n\t\t\t\t\t<div>\r\n\t\t\t\t<h2 class=\"dnxt-grdnt-text-animation-2 dnxt-grdnt-text-animation_font\">\r\n\t\t\t\t\t\u0645\u062c\u0645\u0648\u0639\u0627\u062a \u0631\u0641\u0639 \u0643\u0648\u0631\u0643\u0645\u0627\u0632 (Korkmaz Vin\u00e7)\r\n\t\t\t\t<\/h2>\r\n\t\t\t<\/div>\n\t\t\t\t<\/div>\n\t\t\t<\/div>\u062a\u0639\u0632\u0632 &#8220;\u0643\u0648\u0631\u0643\u0645\u0627\u0632 \u0644\u0644\u0623\u0648\u0646\u0627\u0634&#8221; (Korkmaz Vin\u00e7) \u0623\u0645\u0627\u0646 \u0648\u0643\u0641\u0627\u0621\u0629 \u0639\u0645\u0644\u064a\u0627\u062a\u0643\u0645 \u0639\u0628\u0631 \u0645\u062c\u0645\u0648\u0639\u0627\u062a \u0631\u0641\u0639 \u0639\u0627\u0644\u064a\u0629 \u0627\u0644\u062c\u0648\u062f\u0629 \u0645\u0635\u0645\u0645\u0629 \u0644\u062a\u0644\u0628\u064a\u0629 \u0627\u062d\u062a\u064a\u0627\u062c\u0627\u062a \u0627\u0644\u0631\u0641\u0639 \u0627\u0644\u0635\u0646\u0627\u0639\u064a. \u0623\u0646\u0638\u0645\u0629 \u062a\u062d\u0643\u0645 \u0645\u062a\u0637\u0648\u0631\u0629: \u062a\u0648\u0641\u0631 \u0623\u0646\u0638\u0645\u0629 \u062a\u062d\u0643\u0645 \u0630\u0643\u064a\u0629 \u0644\u062a\u062c\u0631\u0628\u0629 [&hellip;]<\/p>\n","protected":false},"author":1,"featured_media":0,"parent":0,"menu_order":0,"comment_status":"closed","ping_status":"closed","template":"","meta":{"_et_pb_use_builder":"on","_et_pb_old_content":"<p>[et_pb_section fb_built=\"1\" _builder_version=\"4.24.0\" _module_preset=\"default\" background_color=\"#E09900\" custom_padding=\"6px||3px|||\" global_colors_info=\"{}\"][et_pb_row _builder_version=\"4.24.0\" _module_preset=\"default\" custom_padding=\"15px||17px|||\" global_colors_info=\"{}\"][et_pb_column type=\"4_4\" _builder_version=\"4.24.0\" _module_preset=\"default\" global_colors_info=\"{}\"][dnxt_next_color_motion text_color_motion=\"\u00dcR\u00dcNLER | Kald\u0131rma Gruplar\u0131\" text_color_motion_style=\"dnxt-grdnt-text-animation-2\" color_motion_color_one=\"#FFFFFF\" color_motion_color_two=\"#000000\" color_motion_color_three=\"#FFFFFF\" color_motion_color_four=\"#000000\" _builder_version=\"4.24.0\" _module_preset=\"default\" dnxt_color_motion_fonts_font_size=\"25px\" global_colors_info=\"{}\"][\/dnxt_next_color_motion][\/et_pb_column][\/et_pb_row][\/et_pb_section][et_pb_section fb_built=\"1\" _builder_version=\"4.24.0\" _module_preset=\"default\" background_color=\"#efefef\" global_colors_info=\"{}\"][et_pb_row column_structure=\"1_2,1_2\" _builder_version=\"4.24.0\" _module_preset=\"default\" custom_padding=\"||7px|||\" global_colors_info=\"{}\"][et_pb_column type=\"1_2\" _builder_version=\"4.24.0\" _module_preset=\"default\" global_colors_info=\"{}\"][et_pb_image title_text=\"Zincirli Vin\u00e7\" _builder_version=\"4.27.2\" _module_preset=\"default\" custom_padding=\"||||false|false\" hover_enabled=\"0\" border_radii=\"on|5px|5px|5px|5px\" border_width_all=\"2px\" border_color_all=\"#999999\" global_colors_info=\"{}\" transform_styles__hover_enabled=\"on|hover\" transform_scale__hover_enabled=\"on|hover\" transform_translate__hover_enabled=\"on|desktop\" transform_rotate__hover_enabled=\"on|desktop\" transform_skew__hover_enabled=\"on|desktop\" transform_origin__hover_enabled=\"on|desktop\" transform_scale__hover=\"105%|105%\" admin_label=\"G\u00f6r\u00fcnt\u00fc\" src=\"https:\/\/korkmazvinc.com\/wp-content\/uploads\/2024\/11\/1.jpg\" alt=\"zincirli vinc\" sticky_enabled=\"0\"][\/et_pb_image][\/et_pb_column][et_pb_column type=\"1_2\" _builder_version=\"4.24.0\" _module_preset=\"default\" global_colors_info=\"{}\"][dnxt_next_color_motion text_color_motion=\"Korkmaz Vin\u00e7 Kald\u0131rma Gruplar\u0131\" text_color_motion_style=\"dnxt-grdnt-text-animation-2\" color_motion_color_one=\"#666666\" color_motion_color_two=\"#000000\" color_motion_color_three=\"#a5a5a5\" color_motion_color_four=\"#000000\" _builder_version=\"4.24.0\" _module_preset=\"default\" dnxt_color_motion_fonts_font_size=\"25px\" global_colors_info=\"{}\"][\/dnxt_next_color_motion][et_pb_text _builder_version=\"4.24.0\" _module_preset=\"default\" global_colors_info=\"{}\"]<\/p><p>Korkmaz Vin\u00e7, end\u00fcstriyel kald\u0131rma ihtiya\u00e7lar\u0131n\u0131z\u0131 kar\u015f\u0131lamak \u00fczere tasarlanm\u0131\u015f y\u00fcksek kaliteli Kald\u0131rma Gruplar\u0131 ile i\u015f s\u00fcre\u00e7lerinizi daha g\u00fcvenli ve verimli hale getiriyor.<\/p><p>Geli\u015fmi\u015f Kontrol Sistemleri: Ak\u0131ll\u0131 kontrol sistemleri, operat\u00f6rlere hassas ve g\u00fcvenli bir kald\u0131rma deneyimi sunar. Kolay kullan\u0131labilir aray\u00fczleri sayesinde i\u015flemler daha efektif y\u00f6netilir.<\/p><p>Dayan\u0131kl\u0131 Malzemeler: Kald\u0131rma Gruplar\u0131, uzun \u00f6m\u00fcrl\u00fc kullan\u0131m i\u00e7in dayan\u0131kl\u0131 malzemelerden \u00fcretilmi\u015ftir. G\u00fc\u00e7l\u00fc \u00e7elik konstr\u00fcksiyonlar\u0131, a\u011f\u0131r y\u00fckleri g\u00fcvenli bir \u015fekilde kald\u0131rmak i\u00e7in tasarlanm\u0131\u015ft\u0131r.<\/p><p>G\u00fcvenlik \u00d6ncelikli Tasar\u0131m: Korkmaz Vin\u00e7, g\u00fcvenlik standartlar\u0131na tam uyumlu bir \u015fekilde tasarlanan Kald\u0131rma Gruplar\u0131 ile operasyonlar\u0131n\u0131z\u0131 g\u00fcvenli bir \u015fekilde y\u00f6netmenize yard\u0131mc\u0131 olur.<\/p><p>[\/et_pb_text][\/et_pb_column][\/et_pb_row][et_pb_row _builder_version=\"4.24.0\" _module_preset=\"default\" global_colors_info=\"{}\"][et_pb_column type=\"4_4\" _builder_version=\"4.24.0\" _module_preset=\"default\" global_colors_info=\"{}\"][et_pb_tabs _builder_version=\"4.24.0\" _module_preset=\"default\" tab_font_size=\"16px\" global_colors_info=\"{}\"][et_pb_tab title=\"\u00dcR\u00dcN A\u00c7IKLAMASI\" _builder_version=\"4.24.0\" _module_preset=\"default\" global_colors_info=\"{}\"]<\/p><p>Korkmaz Vin\u00e7\u2019in Kald\u0131rma Gruplar\u0131, i\u015f s\u00fcre\u00e7lerinizi optimize etmek ve g\u00fcvenli\u011fi \u00f6n planda tutmak i\u00e7in m\u00fckemmel bir \u00e7\u00f6z\u00fcm sunar. \u00c7e\u015fitli kapasitelerdeki modelleri ile farkl\u0131 end\u00fcstriyel uygulamalara hitap eder. G\u00fcvenilir, dayan\u0131kl\u0131 ve modern kontrol sistemleri ile donat\u0131lm\u0131\u015f olan Kald\u0131rma Gruplar\u0131, i\u015fyerinizde y\u00fcksek performans\u0131 ve verimlili\u011fi sa\u011flar.<\/p><p>[\/et_pb_tab][et_pb_tab title=\"\u00d6ZELL\u0130KLER\u0130\" _builder_version=\"4.24.0\" _module_preset=\"default\" global_colors_info=\"{}\"]<\/p><p>Teknik \u00d6zellikler:\u00a0<\/p><p>\u00c7e\u015fitli Kapasiteler: Korkmaz Vin\u00e7\u2019in Kald\u0131rma Gruplar\u0131, farkl\u0131 y\u00fck kapasiteleri ile uyumlu modeller sunar, b\u00f6ylece \u00e7e\u015fitli end\u00fcstriyel uygulamalara uygunluk sa\u011flar.<\/p><p>[\/et_pb_tab][et_pb_tab title=\"S\u0130PAR\u0130\u015e FORMU\" _builder_version=\"4.24.0\" _module_preset=\"default\" global_colors_info=\"{}\"]<\/p><p>[fc id='1'][\/fc]<\/p><p>[\/et_pb_tab][\/et_pb_tabs][\/et_pb_column][\/et_pb_row][\/et_pb_section]<\/p>","_et_gb_content_width":"","footnotes":""},"class_list":["post-337142","page","type-page","status-publish","hentry"],"_links":{"self":[{"href":"https:\/\/korkmazvinc.com\/ar\/wp-json\/wp\/v2\/pages\/337142","targetHints":{"allow":["GET"]}}],"collection":[{"href":"https:\/\/korkmazvinc.com\/ar\/wp-json\/wp\/v2\/pages"}],"about":[{"href":"https:\/\/korkmazvinc.com\/ar\/wp-json\/wp\/v2\/types\/page"}],"author":[{"embeddable":true,"href":"https:\/\/korkmazvinc.com\/ar\/wp-json\/wp\/v2\/users\/1"}],"replies":[{"embeddable":true,"href":"https:\/\/korkmazvinc.com\/ar\/wp-json\/wp\/v2\/comments?post=337142"}],"version-history":[{"count":5,"href":"https:\/\/korkmazvinc.com\/ar\/wp-json\/wp\/v2\/pages\/337142\/revisions"}],"predecessor-version":[{"id":337149,"href":"https:\/\/korkmazvinc.com\/ar\/wp-json\/wp\/v2\/pages\/337142\/revisions\/337149"}],"wp:attachment":[{"href":"https:\/\/korkmazvinc.com\/ar\/wp-json\/wp\/v2\/media?parent=337142"}],"curies":[{"name":"wp","href":"https:\/\/api.w.org\/{rel}","templated":true}]}}