{"id":337137,"date":"2024-01-13T05:16:08","date_gmt":"2024-01-13T02:16:08","guid":{"rendered":"https:\/\/korkmazvinc.com\/%d8%a7%d8%aa%d8%b5%d9%84-%d8%a8%d9%86%d8%a7\/"},"modified":"2026-01-17T22:51:57","modified_gmt":"2026-01-17T19:51:57","slug":"%d8%a7%d8%aa%d8%b5%d9%84-%d8%a8%d9%86%d8%a7","status":"publish","type":"page","link":"https:\/\/korkmazvinc.com\/ar\/%d8%a7%d8%aa%d8%b5%d9%84-%d8%a8%d9%86%d8%a7\/","title":{"rendered":"\u0627\u062a\u0635\u0644 \u0628\u0646\u0627"},"content":{"rendered":"<p>[et_pb_section fb_built=&#8221;1&#8243; _builder_version=&#8221;4.24.0&#8243; _module_preset=&#8221;default&#8221; background_color=&#8221;#E09900&#8243; custom_padding=&#8221;6px||3px|||&#8221; global_colors_info=&#8221;{}&#8221;][et_pb_row _builder_version=&#8221;4.24.0&#8243; _module_preset=&#8221;default&#8221; custom_padding=&#8221;15px||17px|||&#8221; global_colors_info=&#8221;{}&#8221;][et_pb_column type=&#8221;4_4&#8243; _builder_version=&#8221;4.24.0&#8243; _module_preset=&#8221;default&#8221; global_colors_info=&#8221;{}&#8221;][dnxt_next_color_motion text_color_motion=&#8221;\u0130LET\u0130\u015e\u0130M | Bizimle \u0130leti\u015fime Ge\u00e7in&#8221; text_color_motion_style=&#8221;dnxt-grdnt-text-animation-2&#8243; color_motion_color_one=&#8221;#FFFFFF&#8221; color_motion_color_two=&#8221;#000000&#8243; color_motion_color_three=&#8221;#FFFFFF&#8221; color_motion_color_four=&#8221;#000000&#8243; _builder_version=&#8221;4.27.2&#8243; _module_preset=&#8221;default&#8221; dnxt_color_motion_fonts_font_size=&#8221;25px&#8221; global_colors_info=&#8221;{}&#8221;][\/dnxt_next_color_motion][\/et_pb_column][\/et_pb_row][\/et_pb_section][et_pb_section fb_built=&#8221;1&#8243; admin_label=&#8221;Contact&#8221; _builder_version=&#8221;4.27.2&#8243; _module_preset=&#8221;default&#8221; background_color=&#8221;#efefef&#8221; locked=&#8221;off&#8221; global_colors_info=&#8221;{%22gcid-b6c4f12c-f25d-4f61-9fb1-6e96404634cd%22:%91%22background_color%22%93}&#8221;][et_pb_row column_structure=&#8221;1_2,1_2&#8243; _builder_version=&#8221;4.27.2&#8243; _module_preset=&#8221;default&#8221; max_width=&#8221;1320px&#8221; global_colors_info=&#8221;{}&#8221;][et_pb_column type=&#8221;1_2&#8243; _builder_version=&#8221;4.25.2&#8243; _module_preset=&#8221;default&#8221; global_colors_info=&#8221;{}&#8221;][et_pb_blurb title=&#8221;\u0627\u0644\u0645\u0643\u062a\u0628&#8221; _builder_version=&#8221;4.27.2&#8243; _module_preset=&#8221;e146c9a4-bf2f-41b6-a967-581406a1d639&#8243; global_colors_info=&#8221;{}&#8221;]<\/p>\n<p>Evliya \u00c7elebi Mah. Sahil Bulvar\u0131 Caddesi <\/p>\n<p>No:6A \/ 17 Elexia Plaza 34944 Tuzla\/\u0130stanbul<\/p>\n<p>[\/et_pb_blurb][et_pb_blurb title=&#8221;\u0627\u0644\u0645\u0635\u0646\u0639&#8221; disabled_on=&#8221;off|off|off&#8221; _builder_version=&#8221;4.27.2&#8243; _module_preset=&#8221;e146c9a4-bf2f-41b6-a967-581406a1d639&#8243; global_colors_info=&#8221;{}&#8221;]<\/p>\n<p>Bilecik 1.Osb Mahallesi Bat\u0131 Cad.No:6 Bilecik\/Merkez<\/p>\n<p>[\/et_pb_blurb][et_pb_blurb title=&#8221;\u0627\u062a\u0635\u0644 \u0628\u0646\u0627&#8221; _builder_version=&#8221;4.27.2&#8243; _module_preset=&#8221;e146c9a4-bf2f-41b6-a967-581406a1d639&#8243; hover_enabled=&#8221;0&#8243; global_colors_info=&#8221;{}&#8221; sticky_enabled=&#8221;0&#8243;]<\/p>\n<div class=\"et_pb_column et_pb_column_1_2 et_pb_column_1 et_pb_specialty_column et_pb_css_mix_blend_mode_passthrough\">\n<div class=\"et_pb_row_inner et_pb_row_inner_0\">\n<div class=\"et_pb_column et_pb_column_4_4 et_pb_column_inner et_pb_column_inner_0 et-last-child\">\n<div class=\"et_pb_module et_pb_text et_pb_text_2 et_pb_text_align_left et_pb_bg_layout_light\">\n<div class=\"et_pb_text_inner\">\n<p><strong>\u0627\u0644\u0635\u064a\u0627\u0646\u0629 \u0648\u0642\u0637\u0639 \u0627\u0644\u063a\u064a\u0627\u0631<\/strong><\/p>\n<ul>\n<li>Mail:<a href=\"mailto:%20h.celikdemir@korkmazvinc.com\">h.celikdemir@korkmazvinc.com<\/a><\/li>\n<li>Tel : <a href=\"tel:+905335772376\">0533 577 23 76<\/a><\/li>\n<\/ul>\n<p><strong>\u0623\u062e\u0635\u0627\u0626\u064a \u0645\u0628\u064a\u0639\u0627\u062a<\/strong><\/p>\n<ul>\n<li>Tel : <a href=\"tel:+905303816862\">0530 381 68 62<\/a><\/li>\n<li>Mail:<a href=\"mailto:satis@korkmazvinc.com\"> satis@korkmazvinc.com<\/a><\/li>\n<\/ul>\n<p><strong>\u0627\u0644\u0627\u0633\u062a\u064a\u0631\u0627\u062f \u0648\u0627\u0644\u062a\u0635\u062f\u064a\u0631<\/strong><\/p>\n<ul>\n<li>Tel : <a href=\"tel:+905382190364\">0538 219 03 64<\/a><\/li>\n<li>Mail:<a href=\"mailto:export@korkmazvinc.com\"> export@korkmazvinc.com<\/a><\/li>\n<\/ul>\n<p>Sabit Hat : <a href=\"tel:+902165983800\">0216 598 38 00<\/a><\/p>\n<\/div>\n<\/div>\n<\/div>\n<\/div>\n<\/div>\n<p>[\/et_pb_blurb][\/et_pb_column][et_pb_column type=&#8221;1_2&#8243; _builder_version=&#8221;4.25.2&#8243; _module_preset=&#8221;47ca1a2d-37d9-409f-89a0-5cfea68869fc&#8221; global_colors_info=&#8221;{}&#8221;][et_pb_contact_form captcha=&#8221;off&#8221; title=&#8221;\u064a\u0633\u0639\u062f\u0646\u0627 \u0627\u0644\u0625\u062c\u0627\u0628\u0629 \u0639\u0644\u0649 \u0623\u0633\u0626\u0644\u062a\u0643\u0645.&#8221; submit_button_text=&#8221;\u0625\u0631\u0633\u0627\u0644 \u0627\u0644\u0646\u0645\u0648\u0630\u062c&#8221; _builder_version=&#8221;4.27.2&#8243; _module_preset=&#8221;d337d15d-af0c-454f-a8c7-de2ffc5a2f70&#8243; form_field_background_color=&#8221;#FFFFFF&#8221; custom_button=&#8221;on&#8221; button_text_size=&#8221;14px&#8221; button_text_color=&#8221;#FFFFFF&#8221; button_bg_color=&#8221;#E09900&#8243; button_border_width=&#8221;0px&#8221; global_colors_info=&#8221;{%22gcid-b6c4f12c-f25d-4f61-9fb1-6e96404634cd%22:%91%22background_color%22%93,%22gcid-2ebbc52c-9ee6-4712-a077-fcaec9b98540%22:%91%22button_bg_color%22%93}&#8221;][et_pb_contact_field field_id=&#8221;Name&#8221; field_title=&#8221;\u0627\u0644\u0627\u0633\u0645 \u0648\u0627\u0644\u0644\u0642\u0646\u064a\u0629&#8221; fullwidth_field=&#8221;on&#8221; _builder_version=&#8221;4.27.2&#8243; _module_preset=&#8221;default&#8221; global_colors_info=&#8221;{}&#8221; button_text_size__hover_enabled=&#8221;off&#8221; button_one_text_size__hover_enabled=&#8221;off&#8221; button_two_text_size__hover_enabled=&#8221;off&#8221; button_text_color__hover_enabled=&#8221;off&#8221; button_one_text_color__hover_enabled=&#8221;off&#8221; button_two_text_color__hover_enabled=&#8221;off&#8221; button_border_width__hover_enabled=&#8221;off&#8221; button_one_border_width__hover_enabled=&#8221;off&#8221; button_two_border_width__hover_enabled=&#8221;off&#8221; button_border_color__hover_enabled=&#8221;off&#8221; button_one_border_color__hover_enabled=&#8221;off&#8221; button_two_border_color__hover_enabled=&#8221;off&#8221; button_border_radius__hover_enabled=&#8221;off&#8221; button_one_border_radius__hover_enabled=&#8221;off&#8221; button_two_border_radius__hover_enabled=&#8221;off&#8221; button_letter_spacing__hover_enabled=&#8221;off&#8221; button_one_letter_spacing__hover_enabled=&#8221;off&#8221; button_two_letter_spacing__hover_enabled=&#8221;off&#8221; button_bg_color__hover_enabled=&#8221;off&#8221; button_one_bg_color__hover_enabled=&#8221;off&#8221; button_two_bg_color__hover_enabled=&#8221;off&#8221;][\/et_pb_contact_field][et_pb_contact_field field_id=&#8221;Phone&#8221; field_title=&#8221;\u0631\u0642\u0645 \u0627\u0644\u0647\u0627\u062a\u0641&#8221; fullwidth_field=&#8221;on&#8221; _builder_version=&#8221;4.27.2&#8243; _module_preset=&#8221;default&#8221; global_colors_info=&#8221;{}&#8221;][\/et_pb_contact_field][et_pb_contact_field field_id=&#8221;Email&#8221; field_title=&#8221;\u0627\u0644\u0628\u0631\u064a\u062f \u0627\u0644\u0625\u0644\u0643\u062a\u0631\u0648\u0646\u064a&#8221; field_type=&#8221;email&#8221; fullwidth_field=&#8221;on&#8221; _builder_version=&#8221;4.27.2&#8243; _module_preset=&#8221;default&#8221; global_colors_info=&#8221;{}&#8221; button_text_size__hover_enabled=&#8221;off&#8221; button_one_text_size__hover_enabled=&#8221;off&#8221; button_two_text_size__hover_enabled=&#8221;off&#8221; button_text_color__hover_enabled=&#8221;off&#8221; button_one_text_color__hover_enabled=&#8221;off&#8221; button_two_text_color__hover_enabled=&#8221;off&#8221; button_border_width__hover_enabled=&#8221;off&#8221; button_one_border_width__hover_enabled=&#8221;off&#8221; button_two_border_width__hover_enabled=&#8221;off&#8221; button_border_color__hover_enabled=&#8221;off&#8221; button_one_border_color__hover_enabled=&#8221;off&#8221; button_two_border_color__hover_enabled=&#8221;off&#8221; button_border_radius__hover_enabled=&#8221;off&#8221; button_one_border_radius__hover_enabled=&#8221;off&#8221; button_two_border_radius__hover_enabled=&#8221;off&#8221; button_letter_spacing__hover_enabled=&#8221;off&#8221; button_one_letter_spacing__hover_enabled=&#8221;off&#8221; button_two_letter_spacing__hover_enabled=&#8221;off&#8221; button_bg_color__hover_enabled=&#8221;off&#8221; button_one_bg_color__hover_enabled=&#8221;off&#8221; button_two_bg_color__hover_enabled=&#8221;off&#8221;][\/et_pb_contact_field][et_pb_contact_field field_id=&#8221;Message&#8221; field_title=&#8221;\u0631\u0633\u0627\u0644\u062a\u0643&#8221; field_type=&#8221;text&#8221; fullwidth_field=&#8221;on&#8221; _builder_version=&#8221;4.27.2&#8243; _module_preset=&#8221;default&#8221; global_colors_info=&#8221;{}&#8221; button_text_size__hover_enabled=&#8221;off&#8221; button_one_text_size__hover_enabled=&#8221;off&#8221; button_two_text_size__hover_enabled=&#8221;off&#8221; button_text_color__hover_enabled=&#8221;off&#8221; button_one_text_color__hover_enabled=&#8221;off&#8221; button_two_text_color__hover_enabled=&#8221;off&#8221; button_border_width__hover_enabled=&#8221;off&#8221; button_one_border_width__hover_enabled=&#8221;off&#8221; button_two_border_width__hover_enabled=&#8221;off&#8221; button_border_color__hover_enabled=&#8221;off&#8221; button_one_border_color__hover_enabled=&#8221;off&#8221; button_two_border_color__hover_enabled=&#8221;off&#8221; button_border_radius__hover_enabled=&#8221;off&#8221; button_one_border_radius__hover_enabled=&#8221;off&#8221; button_two_border_radius__hover_enabled=&#8221;off&#8221; button_letter_spacing__hover_enabled=&#8221;off&#8221; button_one_letter_spacing__hover_enabled=&#8221;off&#8221; button_two_letter_spacing__hover_enabled=&#8221;off&#8221; button_bg_color__hover_enabled=&#8221;off&#8221; button_one_bg_color__hover_enabled=&#8221;off&#8221; button_two_bg_color__hover_enabled=&#8221;off&#8221;][\/et_pb_contact_field][\/et_pb_contact_form][\/et_pb_column][\/et_pb_row][\/et_pb_section][et_pb_section fb_built=&#8221;1&#8243; _builder_version=&#8221;4.27.2&#8243; _module_preset=&#8221;default&#8221; background_color=&#8221;#FFFFFF&#8221; global_colors_info=&#8221;{}&#8221;][et_pb_row _builder_version=&#8221;4.27.2&#8243; _module_preset=&#8221;default&#8221; global_colors_info=&#8221;{}&#8221;][et_pb_column type=&#8221;4_4&#8243; _builder_version=&#8221;4.27.2&#8243; _module_preset=&#8221;default&#8221; global_colors_info=&#8221;{}&#8221;][et_pb_code _builder_version=&#8221;4.27.2&#8243; _module_preset=&#8221;default&#8221; global_colors_info=&#8221;{}&#8221;]<iframe src=\"https:\/\/www.google.com\/maps\/embed?pb=!1m18!1m12!1m3!1d24145.26142996313!2d29.259256374316397!3d40.846461800000014!2m3!1f0!2f0!3f0!3m2!1i1024!2i768!4f13.1!3m3!1m2!1s0x14cadb5b51784d57%3A0xb9e1bd7d4534f4f1!2sKorkmaz%20Vin%C3%A7%20Sistemleri!5e0!3m2!1str!2str!4v1731269157706!5m2!1str!2str\" width=\"100%\" height=\"450\" style=\"border:0;\" allowfullscreen=\"\" loading=\"lazy\" referrerpolicy=\"no-referrer-when-downgrade\"><\/iframe>[\/et_pb_code][\/et_pb_column][\/et_pb_row][\/et_pb_section]<\/p>\n","protected":false},"excerpt":{"rendered":"<p><div class=\"et_pb_module dnxt_next_color_motion dnxt_next_color_motion_0\">\n\t\t\t\t\n\t\t\t\t\n\t\t\t\t\n\t\t\t\t\n\t\t\t\t\n\t\t\t\t\n\t\t\t\t<div class=\"et_pb_module_inner\">\n\t\t\t\t\t<div>\r\n\t\t\t\t<h2 class=\"dnxt-grdnt-text-animation-2 dnxt-grdnt-text-animation_font\">\r\n\t\t\t\t\t\u0130LET\u0130\u015e\u0130M | Bizimle \u0130leti\u015fime Ge\u00e7in\r\n\t\t\t\t<\/h2>\r\n\t\t\t<\/div>\n\t\t\t\t<\/div>\n\t\t\t<\/div>Evliya \u00c7elebi Mah. Sahil Bulvar\u0131 Caddesi No:6A \/ 17 Elexia Plaza 34944 Tuzla\/\u0130stanbulBilecik 1.Osb Mahallesi Bat\u0131 Cad.No:6 Bilecik\/Merkez \u0627\u0644\u0635\u064a\u0627\u0646\u0629 \u0648\u0642\u0637\u0639 \u0627\u0644\u063a\u064a\u0627\u0631 Mail:h.celikdemir@korkmazvinc.com Tel : 0533 577 23 76 \u0623\u062e\u0635\u0627\u0626\u064a \u0645\u0628\u064a\u0639\u0627\u062a Tel : 0530 381 68 62 Mail: satis@korkmazvinc.com \u0627\u0644\u0627\u0633\u062a\u064a\u0631\u0627\u062f \u0648\u0627\u0644\u062a\u0635\u062f\u064a\u0631 Tel [&hellip;]<\/p>\n","protected":false},"author":1,"featured_media":0,"parent":0,"menu_order":0,"comment_status":"closed","ping_status":"closed","template":"","meta":{"_et_pb_use_builder":"on","_et_pb_old_content":"","_et_gb_content_width":"","footnotes":""},"class_list":["post-337137","page","type-page","status-publish","hentry"],"_links":{"self":[{"href":"https:\/\/korkmazvinc.com\/ar\/wp-json\/wp\/v2\/pages\/337137","targetHints":{"allow":["GET"]}}],"collection":[{"href":"https:\/\/korkmazvinc.com\/ar\/wp-json\/wp\/v2\/pages"}],"about":[{"href":"https:\/\/korkmazvinc.com\/ar\/wp-json\/wp\/v2\/types\/page"}],"author":[{"embeddable":true,"href":"https:\/\/korkmazvinc.com\/ar\/wp-json\/wp\/v2\/users\/1"}],"replies":[{"embeddable":true,"href":"https:\/\/korkmazvinc.com\/ar\/wp-json\/wp\/v2\/comments?post=337137"}],"version-history":[{"count":2,"href":"https:\/\/korkmazvinc.com\/ar\/wp-json\/wp\/v2\/pages\/337137\/revisions"}],"predecessor-version":[{"id":337139,"href":"https:\/\/korkmazvinc.com\/ar\/wp-json\/wp\/v2\/pages\/337137\/revisions\/337139"}],"wp:attachment":[{"href":"https:\/\/korkmazvinc.com\/ar\/wp-json\/wp\/v2\/media?parent=337137"}],"curies":[{"name":"wp","href":"https:\/\/api.w.org\/{rel}","templated":true}]}}